{"id":32818,"date":"2025-06-01T02:29:28","date_gmt":"2025-05-31T18:29:28","guid":{"rendered":"https:\/\/nanjingmarketinggroup.com\/kontakt"},"modified":"2025-09-17T02:01:00","modified_gmt":"2025-09-16T18:01:00","slug":"kontakt","status":"publish","type":"page","link":"https:\/\/nanjingmarketinggroup.com\/de\/kontakt","title":{"rendered":"Kontakt"},"content":{"rendered":"<section class=\"l-section wpb_row height_custom color_primary with_img\"><div class=\"l-section-img\" role=\"img\" data-img-width=\"1600\" data-img-height=\"628\" style=\"background-image: url(https:\/\/nanjingmarketinggroup.com\/wp-content\/uploads\/2022\/04\/Clients.jpg);\"><\/div><div class=\"l-section-overlay\" style=\"background:rgba(32,31,57,0.80)\"><\/div><div class=\"l-section-h i-cf\"><div class=\"g-cols vc_row via_flex valign_top type_default stacking_default\"><div class=\"vc_col-sm-12 wpb_column vc_column_container\"><div class=\"vc_column-inner\"><div class=\"wpb_wrapper\"><div class=\"wpb_text_column\"><div class=\"wpb_wrapper\"><h1 style=\"text-align: center;\">Kontakt<\/h1>\n<\/div><\/div><div class=\"w-separator size_small\"><\/div><\/div><\/div><\/div><\/div><\/div><\/section><section class=\"l-section wpb_row height_custom\"><div class=\"l-section-h i-cf\"><div class=\"g-cols vc_row via_flex valign_top type_default stacking_default\"><div class=\"vc_col-sm-12 wpb_column vc_column_container\"><div class=\"vc_column-inner\"><div class=\"wpb_wrapper\"><div class=\"wpb_text_column\"><div class=\"wpb_wrapper\"><h3 style=\"text-align: center;\">Bist Du schon bereit f\u00fcr eine Kampagne oder \u00fcberlegst Du noch, ob der chinesische Markt \u00fcberhaupt zu Deinem Business passt &#8211; unser Team ber\u00e4t Dich gerne!<\/h3>\n<\/div><\/div><div class=\"w-separator size_small with_line width_30 thick_1 style_solid color_border align_center\"><div class=\"w-separator-h\"><\/div><\/div><div class=\"w-html\"><script charset=\"utf-8\" type=\"text\/javascript\" src=\"\/\/js.hsforms.net\/forms\/embed\/v2.js\"><\/script>\n<script>\n  hbspt.forms.create({\n    portalId: \"6359137\",\n    formId: \"1b51dd7b-43e1-4bbd-96f1-6e94cf9de885\",\n    region: \"na1\"\n  });\n<\/script><\/div><div class=\"w-separator size_small with_line width_default thick_1 style_solid color_border align_center\"><div class=\"w-separator-h\"><\/div><\/div><\/div><\/div><\/div><\/div><\/div><\/section><section class=\"l-section wpb_row height_custom\"><div class=\"l-section-h i-cf\"><div class=\"g-cols vc_row via_flex valign_top type_default stacking_default\"><div class=\"vc_col-sm-6 wpb_column vc_column_container has_bg_color\"><div class=\"vc_column-inner us_custom_5ae33967\"><div class=\"wpb_wrapper\"><div class=\"wpb_text_column us_custom_95ebd667 has_text_color\"><div class=\"wpb_wrapper\"><p class=\"rtecenter\"><b>Das B\u00fcro der Nanjing Marketing Group<\/b> befindet sich im Herzen von Nanjing, einer chinesischen Stadt mit mehr als 8 Millionen Einwohnern.<\/p>\n<p>Nanjing liegt im \u00f6stlichen Teil von China, etwa 80 Minuten mit dem Zug vom Zentrum Shanghais und 4 Stunden von Peking entfernt.<\/p>\n<\/div><\/div><\/div><\/div><\/div><div class=\"vc_col-sm-6 wpb_column vc_column_container has_bg_color\"><div class=\"vc_column-inner us_custom_e11de4dc\"><div class=\"wpb_wrapper\"><div class=\"wpb_text_column us_custom_6df4bc3a has_text_color\"><div class=\"wpb_wrapper\"><p class=\"rtecenter\"><b>Tel.:<\/b> <a style=\"color: white;\" href=\"tel:+86%20025%208655%201570\">+86 (0)25 8655 1570<\/a> (Montag bis Freitag: 9 &#8211; 17 Uhr chinesischer Zeit)<\/p>\n<p><b>Adresse:<\/b> Raum 1705, Geb\u00e4ude A des New Century Plaza, Nr. 288 Zhongshan East Road, Qinhuai Bezirk, Nanjing, Provinz Jiangsu, China. 210002<\/p>\n<\/div><\/div><\/div><\/div><\/div><\/div><\/div><\/section>\n","protected":false},"excerpt":{"rendered":"Kontakt Bist Du schon bereit f\u00fcr eine Kampagne oder \u00fcberlegst Du noch, ob der chinesische Markt \u00fcberhaupt zu Deinem Business passt &#8211; unser Team ber\u00e4t Dich gerne! Das B\u00fcro der Nanjing Marketing Group befindet sich im Herzen von Nanjing, einer chinesischen Stadt mit mehr als 8 Millionen Einwohnern. Nanjing liegt im \u00f6stlichen Teil von China,...","protected":false},"author":1,"featured_media":0,"parent":0,"menu_order":0,"comment_status":"closed","ping_status":"closed","template":"","meta":{"content-type":"","footnotes":"","_links_to":"","_links_to_target":""},"class_list":["post-32818","page","type-page","status-publish","hentry"],"yoast_head":"<!-- This site is optimized with the Yoast SEO plugin v27.4 - https:\/\/yoast.com\/product\/yoast-seo-wordpress\/ -->\n<title>Kontakt | Nanjing Marketing Group<\/title>\n<meta name=\"description\" content=\"Kontaktinformationen f\u00fcr Nanjing Marketing Group - Deine China Marketingagentur.\" \/>\n<meta name=\"robots\" content=\"index, follow, max-snippet:-1, max-image-preview:large, max-video-preview:-1\" \/>\n<link rel=\"canonical\" href=\"https:\/\/nanjingmarketinggroup.com\/de\/kontakt\" \/>\n<meta property=\"og:locale\" content=\"de_DE\" \/>\n<meta property=\"og:type\" content=\"article\" \/>\n<meta property=\"og:title\" content=\"Kontakt | Nanjing Marketing Group\" \/>\n<meta property=\"og:description\" content=\"Kontaktinformationen f\u00fcr Nanjing Marketing Group - Deine China Marketingagentur.\" \/>\n<meta property=\"og:url\" content=\"https:\/\/nanjingmarketinggroup.com\/de\/kontakt\" \/>\n<meta property=\"og:site_name\" content=\"Nanjing Marketing Group\" \/>\n<meta property=\"article:modified_time\" content=\"2025-09-16T18:01:00+00:00\" \/>\n<meta name=\"twitter:card\" content=\"summary_large_image\" \/>\n<meta name=\"twitter:label1\" content=\"Gesch\u00e4tzte Lesezeit\" \/>\n\t<meta name=\"twitter:data1\" content=\"1\u00a0Minute\" \/>\n<script type=\"application\/ld+json\" class=\"yoast-schema-graph\">{\"@context\":\"https:\\\/\\\/schema.org\",\"@graph\":[{\"@type\":\"WebPage\",\"@id\":\"https:\\\/\\\/nanjingmarketinggroup.com\\\/de\\\/kontakt\",\"url\":\"https:\\\/\\\/nanjingmarketinggroup.com\\\/de\\\/kontakt\",\"name\":\"Kontakt | Nanjing Marketing Group\",\"isPartOf\":{\"@id\":\"https:\\\/\\\/nanjingmarketinggroup.com\\\/#website\"},\"datePublished\":\"2025-05-31T18:29:28+00:00\",\"dateModified\":\"2025-09-16T18:01:00+00:00\",\"description\":\"Kontaktinformationen f\u00fcr Nanjing Marketing Group - Deine China Marketingagentur.\",\"breadcrumb\":{\"@id\":\"https:\\\/\\\/nanjingmarketinggroup.com\\\/de\\\/kontakt#breadcrumb\"},\"inLanguage\":\"de\",\"potentialAction\":[{\"@type\":\"ReadAction\",\"target\":[\"https:\\\/\\\/nanjingmarketinggroup.com\\\/de\\\/kontakt\"]}]},{\"@type\":\"BreadcrumbList\",\"@id\":\"https:\\\/\\\/nanjingmarketinggroup.com\\\/de\\\/kontakt#breadcrumb\",\"itemListElement\":[{\"@type\":\"ListItem\",\"position\":1,\"name\":\"Home\",\"item\":\"https:\\\/\\\/nanjingmarketinggroup.com\\\/de\"},{\"@type\":\"ListItem\",\"position\":2,\"name\":\"Kontakt\"}]},{\"@type\":\"WebSite\",\"@id\":\"https:\\\/\\\/nanjingmarketinggroup.com\\\/#website\",\"url\":\"https:\\\/\\\/nanjingmarketinggroup.com\\\/\",\"name\":\"Nanjing Marketing Group\",\"description\":\"China marketing agency helping Western businesses ramp up their sales and leads in China.\",\"publisher\":{\"@id\":\"https:\\\/\\\/nanjingmarketinggroup.com\\\/#organization\"},\"potentialAction\":[{\"@type\":\"SearchAction\",\"target\":{\"@type\":\"EntryPoint\",\"urlTemplate\":\"https:\\\/\\\/nanjingmarketinggroup.com\\\/?s={search_term_string}\"},\"query-input\":{\"@type\":\"PropertyValueSpecification\",\"valueRequired\":true,\"valueName\":\"search_term_string\"}}],\"inLanguage\":\"de\"},{\"@type\":\"Organization\",\"@id\":\"https:\\\/\\\/nanjingmarketinggroup.com\\\/#organization\",\"name\":\"Nanjing Marketing Group\",\"url\":\"https:\\\/\\\/nanjingmarketinggroup.com\\\/\",\"logo\":{\"@type\":\"ImageObject\",\"inLanguage\":\"de\",\"@id\":\"https:\\\/\\\/nanjingmarketinggroup.com\\\/#\\\/schema\\\/logo\\\/image\\\/\",\"url\":\"https:\\\/\\\/nanjingmarketinggroup.com\\\/wp-content\\\/uploads\\\/2026\\\/04\\\/Nanjing_Final_Logo_Bridge_only.png\",\"contentUrl\":\"https:\\\/\\\/nanjingmarketinggroup.com\\\/wp-content\\\/uploads\\\/2026\\\/04\\\/Nanjing_Final_Logo_Bridge_only.png\",\"width\":591,\"height\":592,\"caption\":\"Nanjing Marketing Group\"},\"image\":{\"@id\":\"https:\\\/\\\/nanjingmarketinggroup.com\\\/#\\\/schema\\\/logo\\\/image\\\/\"}}]}<\/script>\n<!-- \/ Yoast SEO plugin. -->","yoast_head_json":{"title":"Kontakt | Nanjing Marketing Group","description":"Kontaktinformationen f\u00fcr Nanjing Marketing Group - Deine China Marketingagentur.","robots":{"index":"index","follow":"follow","max-snippet":"max-snippet:-1","max-image-preview":"max-image-preview:large","max-video-preview":"max-video-preview:-1"},"canonical":"https:\/\/nanjingmarketinggroup.com\/de\/kontakt","og_locale":"de_DE","og_type":"article","og_title":"Kontakt | Nanjing Marketing Group","og_description":"Kontaktinformationen f\u00fcr Nanjing Marketing Group - Deine China Marketingagentur.","og_url":"https:\/\/nanjingmarketinggroup.com\/de\/kontakt","og_site_name":"Nanjing Marketing Group","article_modified_time":"2025-09-16T18:01:00+00:00","twitter_card":"summary_large_image","twitter_misc":{"Gesch\u00e4tzte Lesezeit":"1\u00a0Minute"},"schema":{"@context":"https:\/\/schema.org","@graph":[{"@type":"WebPage","@id":"https:\/\/nanjingmarketinggroup.com\/de\/kontakt","url":"https:\/\/nanjingmarketinggroup.com\/de\/kontakt","name":"Kontakt | Nanjing Marketing Group","isPartOf":{"@id":"https:\/\/nanjingmarketinggroup.com\/#website"},"datePublished":"2025-05-31T18:29:28+00:00","dateModified":"2025-09-16T18:01:00+00:00","description":"Kontaktinformationen f\u00fcr Nanjing Marketing Group - Deine China Marketingagentur.","breadcrumb":{"@id":"https:\/\/nanjingmarketinggroup.com\/de\/kontakt#breadcrumb"},"inLanguage":"de","potentialAction":[{"@type":"ReadAction","target":["https:\/\/nanjingmarketinggroup.com\/de\/kontakt"]}]},{"@type":"BreadcrumbList","@id":"https:\/\/nanjingmarketinggroup.com\/de\/kontakt#breadcrumb","itemListElement":[{"@type":"ListItem","position":1,"name":"Home","item":"https:\/\/nanjingmarketinggroup.com\/de"},{"@type":"ListItem","position":2,"name":"Kontakt"}]},{"@type":"WebSite","@id":"https:\/\/nanjingmarketinggroup.com\/#website","url":"https:\/\/nanjingmarketinggroup.com\/","name":"Nanjing Marketing Group","description":"China marketing agency helping Western businesses ramp up their sales and leads in China.","publisher":{"@id":"https:\/\/nanjingmarketinggroup.com\/#organization"},"potentialAction":[{"@type":"SearchAction","target":{"@type":"EntryPoint","urlTemplate":"https:\/\/nanjingmarketinggroup.com\/?s={search_term_string}"},"query-input":{"@type":"PropertyValueSpecification","valueRequired":true,"valueName":"search_term_string"}}],"inLanguage":"de"},{"@type":"Organization","@id":"https:\/\/nanjingmarketinggroup.com\/#organization","name":"Nanjing Marketing Group","url":"https:\/\/nanjingmarketinggroup.com\/","logo":{"@type":"ImageObject","inLanguage":"de","@id":"https:\/\/nanjingmarketinggroup.com\/#\/schema\/logo\/image\/","url":"https:\/\/nanjingmarketinggroup.com\/wp-content\/uploads\/2026\/04\/Nanjing_Final_Logo_Bridge_only.png","contentUrl":"https:\/\/nanjingmarketinggroup.com\/wp-content\/uploads\/2026\/04\/Nanjing_Final_Logo_Bridge_only.png","width":591,"height":592,"caption":"Nanjing Marketing Group"},"image":{"@id":"https:\/\/nanjingmarketinggroup.com\/#\/schema\/logo\/image\/"}}]}},"_links":{"self":[{"href":"https:\/\/nanjingmarketinggroup.com\/de\/wp-json\/wp\/v2\/pages\/32818","targetHints":{"allow":["GET"]}}],"collection":[{"href":"https:\/\/nanjingmarketinggroup.com\/de\/wp-json\/wp\/v2\/pages"}],"about":[{"href":"https:\/\/nanjingmarketinggroup.com\/de\/wp-json\/wp\/v2\/types\/page"}],"author":[{"embeddable":true,"href":"https:\/\/nanjingmarketinggroup.com\/de\/wp-json\/wp\/v2\/users\/1"}],"replies":[{"embeddable":true,"href":"https:\/\/nanjingmarketinggroup.com\/de\/wp-json\/wp\/v2\/comments?post=32818"}],"version-history":[{"count":27,"href":"https:\/\/nanjingmarketinggroup.com\/de\/wp-json\/wp\/v2\/pages\/32818\/revisions"}],"predecessor-version":[{"id":34770,"href":"https:\/\/nanjingmarketinggroup.com\/de\/wp-json\/wp\/v2\/pages\/32818\/revisions\/34770"}],"wp:attachment":[{"href":"https:\/\/nanjingmarketinggroup.com\/de\/wp-json\/wp\/v2\/media?parent=32818"}],"curies":[{"name":"wp","href":"https:\/\/api.w.org\/{rel}","templated":true}]}}