{"id":31406,"date":"2025-02-20T06:39:08","date_gmt":"2025-02-19T22:39:08","guid":{"rendered":"https:\/\/nanjingmarketinggroup.com\/?page_id=31406"},"modified":"2025-09-17T02:01:30","modified_gmt":"2025-09-16T18:01:30","slug":"contactanos","status":"publish","type":"page","link":"https:\/\/nanjingmarketinggroup.com\/es\/contactanos","title":{"rendered":"Cont\u00e1ctanos"},"content":{"rendered":"<section class=\"l-section wpb_row height_custom color_primary with_img\"><div class=\"l-section-img\" role=\"img\" data-img-width=\"1600\" data-img-height=\"628\" style=\"background-image: url(https:\/\/nanjingmarketinggroup.com\/wp-content\/uploads\/2022\/04\/Clients.jpg);\"><\/div><div class=\"l-section-overlay\" style=\"background:rgba(32,31,57,0.80)\"><\/div><div class=\"l-section-h i-cf\"><div class=\"g-cols vc_row via_flex valign_top type_default stacking_default\"><div class=\"vc_col-sm-12 wpb_column vc_column_container\"><div class=\"vc_column-inner\"><div class=\"wpb_wrapper\"><div class=\"wpb_text_column\"><div class=\"wpb_wrapper\"><h1 style=\"text-align: center;\">Cont\u00e1ctanos<\/h1>\n<\/div><\/div><div class=\"w-separator size_small\"><\/div><\/div><\/div><\/div><\/div><\/div><\/section><section class=\"l-section wpb_row height_custom\"><div class=\"l-section-h i-cf\"><div class=\"g-cols vc_row via_flex valign_top type_default stacking_default\"><div class=\"vc_col-sm-12 wpb_column vc_column_container\"><div class=\"vc_column-inner\"><div class=\"wpb_wrapper\"><div class=\"w-separator size_small with_line width_30 thick_1 style_solid color_border align_center\"><div class=\"w-separator-h\"><\/div><\/div><div class=\"w-html\"><script charset=\"utf-8\" type=\"text\/javascript\" src=\"\/\/js.hsforms.net\/forms\/embed\/v2.js\"><\/script>\n<script>\n  hbspt.forms.create({\n    portalId: \"6359137\",\n    formId: \"e08adaea-a05f-4aa4-9d27-3c979e863203\",\n    region: \"na1\"\n  });\n<\/script><\/div><div class=\"w-separator size_small with_line width_default thick_1 style_solid color_border align_center\"><div class=\"w-separator-h\"><\/div><\/div><\/div><\/div><\/div><\/div><\/div><\/section><section class=\"l-section wpb_row height_custom\"><div class=\"l-section-h i-cf\"><div class=\"g-cols vc_row via_flex valign_top type_default stacking_default\"><div class=\"vc_col-sm-6 wpb_column vc_column_container has_bg_color\"><div class=\"vc_column-inner us_custom_5ae33967\"><div class=\"wpb_wrapper\"><div class=\"wpb_text_column us_custom_95ebd667 has_text_color\"><div class=\"wpb_wrapper\"><p class=\"rtecenter\"><b>Nanjing Marketing Group <\/b>est\u00e1 ubicado en el centro de la ciudad de Nanjing, en la provincia de Jiangsu, China. Nanjing es una ciudad con m\u00e1s de 8 millones de habitantes.<\/p>\n<p>Se encuentra en el este de China, a 80 minutos en tren del centro de Shangh\u00e1i y a 4 horas de Beijing.<\/p>\n<\/div><\/div><\/div><\/div><\/div><div class=\"vc_col-sm-6 wpb_column vc_column_container has_bg_color\"><div class=\"vc_column-inner us_custom_e11de4dc\"><div class=\"wpb_wrapper\"><div class=\"wpb_text_column us_custom_6df4bc3a has_text_color\"><div class=\"wpb_wrapper\"><p class=\"rtecenter\"><b>Tel:<\/b>\u00a0<a style=\"color: white;\" href=\"tel:+86 025 8655 1570\"> +86 (0)25 8655 1570<\/a> (Lunes a Viernes: 9am a 5pm hora de china)<\/p>\n<p><strong>Direcci\u00f3n:<\/strong><span>\u00a0Oficina 1705, Edificio A del New Century Plaza, No. 288 Zhongshan East Road, Distrito de Qinhuai, Nanjing, Provincia de Jiangsu, China. 210002<\/span><\/p>\n<\/div><\/div><\/div><\/div><\/div><\/div><\/div><\/section>\n","protected":false},"excerpt":{"rendered":"Cont\u00e1ctanos Nanjing Marketing Group est\u00e1 ubicado en el centro de la ciudad de Nanjing, en la provincia de Jiangsu, China. Nanjing es una ciudad con m\u00e1s de 8 millones de habitantes. Se encuentra en el este de China, a 80 minutos en tren del centro de Shangh\u00e1i y a 4 horas de Beijing. Tel:\u00a0 +86...","protected":false},"author":29,"featured_media":0,"parent":0,"menu_order":0,"comment_status":"closed","ping_status":"closed","template":"","meta":{"content-type":"","footnotes":"","_links_to":"","_links_to_target":""},"class_list":["post-31406","page","type-page","status-publish","hentry"],"yoast_head":"<!-- This site is optimized with the Yoast SEO plugin v27.5 - https:\/\/yoast.com\/product\/yoast-seo-wordpress\/ -->\n<title>Cont\u00e1ctanos | Nanjing Marketing Group<\/title>\n<meta name=\"description\" content=\"Informaci\u00f3n de contacto de Nanjing Marketing Group, agencia de marketing especializada en China.\" \/>\n<meta name=\"robots\" content=\"index, follow, max-snippet:-1, max-image-preview:large, max-video-preview:-1\" \/>\n<link rel=\"canonical\" href=\"https:\/\/nanjingmarketinggroup.com\/es\/contactanos\" \/>\n<meta property=\"og:locale\" content=\"es_ES\" \/>\n<meta property=\"og:type\" content=\"article\" \/>\n<meta property=\"og:title\" content=\"Cont\u00e1ctanos | Nanjing Marketing Group\" \/>\n<meta property=\"og:description\" content=\"Informaci\u00f3n de contacto de Nanjing Marketing Group, agencia de marketing especializada en China.\" \/>\n<meta property=\"og:url\" content=\"https:\/\/nanjingmarketinggroup.com\/es\/contactanos\" \/>\n<meta property=\"og:site_name\" content=\"Nanjing Marketing Group\" \/>\n<meta property=\"article:modified_time\" content=\"2025-09-16T18:01:30+00:00\" \/>\n<meta name=\"twitter:card\" content=\"summary_large_image\" \/>\n<meta name=\"twitter:label1\" content=\"Tiempo de lectura\" \/>\n\t<meta name=\"twitter:data1\" content=\"1 minuto\" \/>\n<script type=\"application\/ld+json\" class=\"yoast-schema-graph\">{\"@context\":\"https:\\\/\\\/schema.org\",\"@graph\":[{\"@type\":\"WebPage\",\"@id\":\"https:\\\/\\\/nanjingmarketinggroup.com\\\/es\\\/contactanos\",\"url\":\"https:\\\/\\\/nanjingmarketinggroup.com\\\/es\\\/contactanos\",\"name\":\"Cont\u00e1ctanos | Nanjing Marketing Group\",\"isPartOf\":{\"@id\":\"https:\\\/\\\/nanjingmarketinggroup.com\\\/#website\"},\"datePublished\":\"2025-02-19T22:39:08+00:00\",\"dateModified\":\"2025-09-16T18:01:30+00:00\",\"description\":\"Informaci\u00f3n de contacto de Nanjing Marketing Group, agencia de marketing especializada en China.\",\"breadcrumb\":{\"@id\":\"https:\\\/\\\/nanjingmarketinggroup.com\\\/es\\\/contactanos#breadcrumb\"},\"inLanguage\":\"es\",\"potentialAction\":[{\"@type\":\"ReadAction\",\"target\":[\"https:\\\/\\\/nanjingmarketinggroup.com\\\/es\\\/contactanos\"]}]},{\"@type\":\"BreadcrumbList\",\"@id\":\"https:\\\/\\\/nanjingmarketinggroup.com\\\/es\\\/contactanos#breadcrumb\",\"itemListElement\":[{\"@type\":\"ListItem\",\"position\":1,\"name\":\"Home\",\"item\":\"https:\\\/\\\/nanjingmarketinggroup.com\\\/es\"},{\"@type\":\"ListItem\",\"position\":2,\"name\":\"Cont\u00e1ctanos\"}]},{\"@type\":\"WebSite\",\"@id\":\"https:\\\/\\\/nanjingmarketinggroup.com\\\/#website\",\"url\":\"https:\\\/\\\/nanjingmarketinggroup.com\\\/\",\"name\":\"Nanjing Marketing Group\",\"description\":\"Chinese Marketing for B2B Companies and Higher Education Institutions\",\"publisher\":{\"@id\":\"https:\\\/\\\/nanjingmarketinggroup.com\\\/#organization\"},\"potentialAction\":[{\"@type\":\"SearchAction\",\"target\":{\"@type\":\"EntryPoint\",\"urlTemplate\":\"https:\\\/\\\/nanjingmarketinggroup.com\\\/?s={search_term_string}\"},\"query-input\":{\"@type\":\"PropertyValueSpecification\",\"valueRequired\":true,\"valueName\":\"search_term_string\"}}],\"inLanguage\":\"es\"},{\"@type\":\"Organization\",\"@id\":\"https:\\\/\\\/nanjingmarketinggroup.com\\\/#organization\",\"name\":\"Nanjing Marketing Group\",\"url\":\"https:\\\/\\\/nanjingmarketinggroup.com\\\/\",\"logo\":{\"@type\":\"ImageObject\",\"inLanguage\":\"es\",\"@id\":\"https:\\\/\\\/nanjingmarketinggroup.com\\\/#\\\/schema\\\/logo\\\/image\\\/\",\"url\":\"https:\\\/\\\/nanjingmarketinggroup.com\\\/wp-content\\\/uploads\\\/2026\\\/04\\\/Nanjing_Final_Logo_Bridge_only.png\",\"contentUrl\":\"https:\\\/\\\/nanjingmarketinggroup.com\\\/wp-content\\\/uploads\\\/2026\\\/04\\\/Nanjing_Final_Logo_Bridge_only.png\",\"width\":591,\"height\":592,\"caption\":\"Nanjing Marketing Group\"},\"image\":{\"@id\":\"https:\\\/\\\/nanjingmarketinggroup.com\\\/#\\\/schema\\\/logo\\\/image\\\/\"}}]}<\/script>\n<!-- \/ Yoast SEO plugin. -->","yoast_head_json":{"title":"Cont\u00e1ctanos | Nanjing Marketing Group","description":"Informaci\u00f3n de contacto de Nanjing Marketing Group, agencia de marketing especializada en China.","robots":{"index":"index","follow":"follow","max-snippet":"max-snippet:-1","max-image-preview":"max-image-preview:large","max-video-preview":"max-video-preview:-1"},"canonical":"https:\/\/nanjingmarketinggroup.com\/es\/contactanos","og_locale":"es_ES","og_type":"article","og_title":"Cont\u00e1ctanos | Nanjing Marketing Group","og_description":"Informaci\u00f3n de contacto de Nanjing Marketing Group, agencia de marketing especializada en China.","og_url":"https:\/\/nanjingmarketinggroup.com\/es\/contactanos","og_site_name":"Nanjing Marketing Group","article_modified_time":"2025-09-16T18:01:30+00:00","twitter_card":"summary_large_image","twitter_misc":{"Tiempo de lectura":"1 minuto"},"schema":{"@context":"https:\/\/schema.org","@graph":[{"@type":"WebPage","@id":"https:\/\/nanjingmarketinggroup.com\/es\/contactanos","url":"https:\/\/nanjingmarketinggroup.com\/es\/contactanos","name":"Cont\u00e1ctanos | Nanjing Marketing Group","isPartOf":{"@id":"https:\/\/nanjingmarketinggroup.com\/#website"},"datePublished":"2025-02-19T22:39:08+00:00","dateModified":"2025-09-16T18:01:30+00:00","description":"Informaci\u00f3n de contacto de Nanjing Marketing Group, agencia de marketing especializada en China.","breadcrumb":{"@id":"https:\/\/nanjingmarketinggroup.com\/es\/contactanos#breadcrumb"},"inLanguage":"es","potentialAction":[{"@type":"ReadAction","target":["https:\/\/nanjingmarketinggroup.com\/es\/contactanos"]}]},{"@type":"BreadcrumbList","@id":"https:\/\/nanjingmarketinggroup.com\/es\/contactanos#breadcrumb","itemListElement":[{"@type":"ListItem","position":1,"name":"Home","item":"https:\/\/nanjingmarketinggroup.com\/es"},{"@type":"ListItem","position":2,"name":"Cont\u00e1ctanos"}]},{"@type":"WebSite","@id":"https:\/\/nanjingmarketinggroup.com\/#website","url":"https:\/\/nanjingmarketinggroup.com\/","name":"Nanjing Marketing Group","description":"Chinese Marketing for B2B Companies and Higher Education Institutions","publisher":{"@id":"https:\/\/nanjingmarketinggroup.com\/#organization"},"potentialAction":[{"@type":"SearchAction","target":{"@type":"EntryPoint","urlTemplate":"https:\/\/nanjingmarketinggroup.com\/?s={search_term_string}"},"query-input":{"@type":"PropertyValueSpecification","valueRequired":true,"valueName":"search_term_string"}}],"inLanguage":"es"},{"@type":"Organization","@id":"https:\/\/nanjingmarketinggroup.com\/#organization","name":"Nanjing Marketing Group","url":"https:\/\/nanjingmarketinggroup.com\/","logo":{"@type":"ImageObject","inLanguage":"es","@id":"https:\/\/nanjingmarketinggroup.com\/#\/schema\/logo\/image\/","url":"https:\/\/nanjingmarketinggroup.com\/wp-content\/uploads\/2026\/04\/Nanjing_Final_Logo_Bridge_only.png","contentUrl":"https:\/\/nanjingmarketinggroup.com\/wp-content\/uploads\/2026\/04\/Nanjing_Final_Logo_Bridge_only.png","width":591,"height":592,"caption":"Nanjing Marketing Group"},"image":{"@id":"https:\/\/nanjingmarketinggroup.com\/#\/schema\/logo\/image\/"}}]}},"_links":{"self":[{"href":"https:\/\/nanjingmarketinggroup.com\/es\/wp-json\/wp\/v2\/pages\/31406","targetHints":{"allow":["GET"]}}],"collection":[{"href":"https:\/\/nanjingmarketinggroup.com\/es\/wp-json\/wp\/v2\/pages"}],"about":[{"href":"https:\/\/nanjingmarketinggroup.com\/es\/wp-json\/wp\/v2\/types\/page"}],"author":[{"embeddable":true,"href":"https:\/\/nanjingmarketinggroup.com\/es\/wp-json\/wp\/v2\/users\/29"}],"replies":[{"embeddable":true,"href":"https:\/\/nanjingmarketinggroup.com\/es\/wp-json\/wp\/v2\/comments?post=31406"}],"version-history":[{"count":7,"href":"https:\/\/nanjingmarketinggroup.com\/es\/wp-json\/wp\/v2\/pages\/31406\/revisions"}],"predecessor-version":[{"id":34771,"href":"https:\/\/nanjingmarketinggroup.com\/es\/wp-json\/wp\/v2\/pages\/31406\/revisions\/34771"}],"wp:attachment":[{"href":"https:\/\/nanjingmarketinggroup.com\/es\/wp-json\/wp\/v2\/media?parent=31406"}],"curies":[{"name":"wp","href":"https:\/\/api.w.org\/{rel}","templated":true}]}}