{"id":41456,"date":"2026-04-09T10:48:18","date_gmt":"2026-04-09T02:48:18","guid":{"rendered":"https:\/\/nanjingmarketinggroup.com\/?page_id=41456"},"modified":"2026-04-09T10:48:18","modified_gmt":"2026-04-09T02:48:18","slug":"seo-en-baidu","status":"publish","type":"page","link":"https:\/\/nanjingmarketinggroup.com\/es\/seo-en-baidu","title":{"rendered":"SEO en Baidu"},"content":{"rendered":"<section class=\"l-section wpb_row height_custom color_primary with_img\"><div class=\"l-section-img\" role=\"img\" data-img-width=\"1600\" data-img-height=\"628\" style=\"background-image: url(https:\/\/nanjingmarketinggroup.com\/wp-content\/uploads\/2022\/04\/Clients.jpg);\"><\/div><div class=\"l-section-overlay\" style=\"background:rgba(32,31,57,0.80)\"><\/div><div class=\"l-section-h i-cf\"><div class=\"g-cols vc_row via_flex valign_top type_default stacking_default\"><div class=\"vc_col-sm-12 wpb_column vc_column_container\"><div class=\"vc_column-inner\"><div class=\"wpb_wrapper\"><div class=\"wpb_text_column\"><div class=\"wpb_wrapper\"><h1 style=\"text-align: center;\">SEO en Baidu<\/h1>\n<\/div><\/div><div class=\"w-separator size_small\"><\/div><nav class=\"g-breadcrumbs us_custom_ea724c32 separator_icon align_none\" itemscope itemtype=\"http:\/\/schema.org\/BreadcrumbList\"><div class=\"g-breadcrumbs-item\" itemscope itemprop=\"itemListElement\" itemtype=\"http:\/\/schema.org\/ListItem\"><a itemprop=\"item\" href=\"https:\/\/nanjingmarketinggroup.com\/es\/\"><span itemprop=\"name\">Inicio<\/span><\/a><meta itemprop=\"position\" content=\"1\"\/><\/div><div class=\"g-breadcrumbs-separator\"><i class=\"far fa-angle-right\"><\/i><\/div><div class=\"g-breadcrumbs-item\">P\u00e1ginas<\/div><\/nav><\/div><\/div><\/div><\/div><\/div><\/section><section class=\"l-section wpb_row height_custom\"><div class=\"l-section-h i-cf\"><div class=\"g-cols vc_row via_flex valign_top type_default stacking_default\"><div class=\"vc_col-sm-12 wpb_column vc_column_container\"><div class=\"vc_column-inner\"><div class=\"wpb_wrapper\"><div class=\"w-grid type_grid layout_21666 cols_3 pagination_regular\" id=\"us_grid_1\" style=\"--columns:3;--gap:1.5rem;\" data-filterable=\"true\"><style>@media (max-width:1024px){#us_grid_1{--columns:2!important}}@media (max-width:600px){#us_grid_1{--columns:1!important}}@media (min-width:1024px){#us_grid_1 .w-post-elm.post_title{font-size:16px!important}}.layout_21666 .w-grid-item-h{}.layout_21666 .usg_post_title_1{font-weight:600!important;font-size:20px!important;position:relative!important;bottom:8px!important}.layout_21666 .usg_post_content_1{font-style:italic!important;font-size:18px!important}.layout_21666 .usg_post_taxonomy_1{color:#bd4c46!important;font-size:14px!important}<\/style><div class=\"w-grid-list\">\t<article class=\"w-grid-item post-32614 post type-post status-publish format-standard hentry category-seo-en-baidu\" data-id=\"32614\">\r\n\t\t<div class=\"w-grid-item-h\">\r\n\t\t\t\t\t\t<h2 class=\"w-post-elm post_title usg_post_title_1 entry-title color_link_inherit\"><a href=\"https:\/\/nanjingmarketinggroup.com\/es\/blog\/seo-parasito-en-china-como-aprovechar-5-plataformas-de-alta-autoridad\">SEO Par\u00e1sito en China: C\u00f3mo Aprovechar 5 Plataformas de Alta Autoridad<\/a><\/h2><div class=\"w-post-elm post_taxonomy usg_post_taxonomy_1 has_text_color style_simple color_link_inherit\"><i class=\"far fa-tags\"><\/i><a class=\"term-136 term-seo-en-baidu\" href=\"https:\/\/nanjingmarketinggroup.com\/es\/.\/blog\/marketing-en-buscadores-chinos\/seo-en-baidu\">SEO en Baidu<\/a><\/div><div class=\"w-post-elm post_content usg_post_content_1\">El SEO par\u00e1sito est\u00e1 ganando mucha atenci\u00f3n en el marketing digital global. En este art\u00edculo, nuestros expertos&hellip;<\/div><a class=\"w-btn us-btn-style_1 usg_btn_1\" href=\"https:\/\/nanjingmarketinggroup.com\/es\/blog\/seo-parasito-en-china-como-aprovechar-5-plataformas-de-alta-autoridad\"><span class=\"w-btn-label\">READ MORE<\/span><\/a>\t\t<\/div>\r\n\t\t\t<\/article>\r\n<\/div><div class=\"w-grid-preloader\">\t<div class=\"g-preloader type_1\">\r\n\t\t<div><\/div>\r\n\t<\/div>\r\n\t<\/div>\t<div class=\"w-grid-json hidden\" onclick='return {&quot;action&quot;:&quot;us_ajax_grid&quot;,&quot;infinite_scroll&quot;:0,&quot;max_num_pages&quot;:1,&quot;pagination&quot;:&quot;regular&quot;,&quot;template_vars&quot;:{&quot;columns&quot;:&quot;3&quot;,&quot;exclude_items&quot;:&quot;none&quot;,&quot;img_size&quot;:&quot;us_900_545&quot;,&quot;ignore_items_size&quot;:&quot;1&quot;,&quot;items_layout&quot;:&quot;21666&quot;,&quot;items_offset&quot;:&quot;1&quot;,&quot;load_animation&quot;:&quot;none&quot;,&quot;overriding_link&quot;:&quot;%7B%22url%22%3A%22%22%7D&quot;,&quot;post_id&quot;:0,&quot;query_args&quot;:{&quot;post_type&quot;:[&quot;post&quot;],&quot;tax_query&quot;:[{&quot;taxonomy&quot;:&quot;category&quot;,&quot;field&quot;:&quot;slug&quot;,&quot;terms&quot;:[&quot;seo-en-baidu&quot;]}],&quot;post_status&quot;:[&quot;publish&quot;],&quot;posts_per_page&quot;:&quot;12&quot;},&quot;orderby_query_args&quot;:{&quot;orderby&quot;:{&quot;date&quot;:&quot;DESC&quot;}},&quot;type&quot;:&quot;grid&quot;,&quot;us_grid_post_type&quot;:&quot;post&quot;,&quot;us_grid_ajax_index&quot;:1,&quot;us_grid_filter_query_string&quot;:null,&quot;us_grid_index&quot;:1,&quot;page_args&quot;:[],&quot;lang&quot;:&quot;es&quot;}}'><\/div>\r\n\t<\/div><\/div><\/div><\/div><\/div><\/div><\/section><section class=\"l-section wpb_row us_custom_a19a7953 height_custom\"><div class=\"l-section-h i-cf\"><div class=\"g-cols vc_row via_flex valign_top type_default stacking_default\"><div class=\"vc_col-sm-12 wpb_column vc_column_container\"><div class=\"vc_column-inner\"><div class=\"wpb_wrapper\"><div class=\"wpb_text_column us_custom_6df4bc3a has_text_color\"><div class=\"wpb_wrapper\"><h2 style=\"text-align: center;\"><strong>Cont\u00e1ctanos para una consulta gratuita<\/strong><\/h2>\n<\/div><\/div><div class=\"w-separator size_small\"><\/div><div class=\"wpb_text_column us_custom_6df4bc3a has_text_color\"><div class=\"wpb_wrapper\"><p style=\"text-align: center;\"><span style=\"font-weight: 400;\">Identificaremos los posibles obst\u00e1culos que puedan estar limitando tu expansi\u00f3n en China y te recomendaremos el mejor plan de acci\u00f3n seg\u00fan tus necesidades.<\/span><\/p>\n<p style=\"text-align: center;\"><span style=\"font-weight: 400;\">Si consideras que somos el socio adecuado, recibir\u00e1s una propuesta en el plazo de una semana.<\/span><\/p>\n<\/div><\/div><div class=\"w-separator size_small\"><\/div><div class=\"w-btn-wrapper align_center\"><a class=\"w-btn us-btn-style_1\" href=\"https:\/\/nanjingmarketinggroup.com\/es\/contactanos\"><span class=\"w-btn-label\">Solicitar Consulta Gratuita<\/span><\/a><\/div><\/div><\/div><\/div><\/div><\/div><\/section>\n","protected":false},"excerpt":{"rendered":"El SEO par\u00e1sito est\u00e1 ganando mucha atenci\u00f3n en el marketing digital global. En este art\u00edculo, nuestros expertos en marketing chino analizan tanto las oportunidades como los riesgos de integrar esta t\u00e9cnica en tu plan para conquistar el mercado de China. \u00bfPor qu\u00e9 confiar en nosotros? En Nanjing Marketing Group tenemos casi 20 a\u00f1os de experiencia...","protected":false},"author":29,"featured_media":0,"parent":0,"menu_order":0,"comment_status":"closed","ping_status":"closed","template":"","meta":{"content-type":"","footnotes":"","_links_to":"","_links_to_target":""},"class_list":["post-41456","page","type-page","status-publish","hentry"],"yoast_head":"<!-- This site is optimized with the Yoast SEO plugin v27.4 - https:\/\/yoast.com\/product\/yoast-seo-wordpress\/ -->\n<title>SEO en Baidu | Nanjing Marketing Group<\/title>\n<meta name=\"description\" content=\"Check our informative articles about Baidu SEO, and you can learn about basic rules of Baidu SEO to optimize your website index and keyword rankings.\" \/>\n<meta name=\"robots\" content=\"index, follow, max-snippet:-1, max-image-preview:large, max-video-preview:-1\" \/>\n<link rel=\"canonical\" href=\"https:\/\/nanjingmarketinggroup.com\/es\/seo-en-baidu\" \/>\n<meta property=\"og:locale\" content=\"es_ES\" \/>\n<meta property=\"og:type\" content=\"article\" \/>\n<meta property=\"og:title\" content=\"SEO en Baidu | Nanjing Marketing Group\" \/>\n<meta property=\"og:description\" content=\"Check our informative articles about Baidu SEO, and you can learn about basic rules of Baidu SEO to optimize your website index and keyword rankings.\" \/>\n<meta property=\"og:url\" content=\"https:\/\/nanjingmarketinggroup.com\/es\/seo-en-baidu\" \/>\n<meta property=\"og:site_name\" content=\"Nanjing Marketing Group\" \/>\n<meta name=\"twitter:card\" content=\"summary_large_image\" \/>\n<meta name=\"twitter:label1\" content=\"Tiempo de lectura\" \/>\n\t<meta name=\"twitter:data1\" content=\"1 minuto\" \/>\n<script type=\"application\/ld+json\" class=\"yoast-schema-graph\">{\"@context\":\"https:\\\/\\\/schema.org\",\"@graph\":[{\"@type\":\"WebPage\",\"@id\":\"https:\\\/\\\/nanjingmarketinggroup.com\\\/es\\\/seo-en-baidu\",\"url\":\"https:\\\/\\\/nanjingmarketinggroup.com\\\/es\\\/seo-en-baidu\",\"name\":\"SEO en Baidu | Nanjing Marketing Group\",\"isPartOf\":{\"@id\":\"https:\\\/\\\/nanjingmarketinggroup.com\\\/#website\"},\"datePublished\":\"2026-04-09T02:48:18+00:00\",\"description\":\"Check our informative articles about Baidu SEO, and you can learn about basic rules of Baidu SEO to optimize your website index and keyword rankings.\",\"breadcrumb\":{\"@id\":\"https:\\\/\\\/nanjingmarketinggroup.com\\\/es\\\/seo-en-baidu#breadcrumb\"},\"inLanguage\":\"es\",\"potentialAction\":[{\"@type\":\"ReadAction\",\"target\":[\"https:\\\/\\\/nanjingmarketinggroup.com\\\/es\\\/seo-en-baidu\"]}]},{\"@type\":\"BreadcrumbList\",\"@id\":\"https:\\\/\\\/nanjingmarketinggroup.com\\\/es\\\/seo-en-baidu#breadcrumb\",\"itemListElement\":[{\"@type\":\"ListItem\",\"position\":1,\"name\":\"Home\",\"item\":\"https:\\\/\\\/nanjingmarketinggroup.com\\\/es\"},{\"@type\":\"ListItem\",\"position\":2,\"name\":\"SEO en Baidu\"}]},{\"@type\":\"WebSite\",\"@id\":\"https:\\\/\\\/nanjingmarketinggroup.com\\\/#website\",\"url\":\"https:\\\/\\\/nanjingmarketinggroup.com\\\/\",\"name\":\"Nanjing Marketing Group\",\"description\":\"Chinese Marketing for B2B Companies and Higher Education Institutions\",\"publisher\":{\"@id\":\"https:\\\/\\\/nanjingmarketinggroup.com\\\/#organization\"},\"potentialAction\":[{\"@type\":\"SearchAction\",\"target\":{\"@type\":\"EntryPoint\",\"urlTemplate\":\"https:\\\/\\\/nanjingmarketinggroup.com\\\/?s={search_term_string}\"},\"query-input\":{\"@type\":\"PropertyValueSpecification\",\"valueRequired\":true,\"valueName\":\"search_term_string\"}}],\"inLanguage\":\"es\"},{\"@type\":\"Organization\",\"@id\":\"https:\\\/\\\/nanjingmarketinggroup.com\\\/#organization\",\"name\":\"Nanjing Marketing Group\",\"url\":\"https:\\\/\\\/nanjingmarketinggroup.com\\\/\",\"logo\":{\"@type\":\"ImageObject\",\"inLanguage\":\"es\",\"@id\":\"https:\\\/\\\/nanjingmarketinggroup.com\\\/#\\\/schema\\\/logo\\\/image\\\/\",\"url\":\"https:\\\/\\\/nanjingmarketinggroup.com\\\/wp-content\\\/uploads\\\/2026\\\/04\\\/Nanjing_Final_Logo_Bridge_only.png\",\"contentUrl\":\"https:\\\/\\\/nanjingmarketinggroup.com\\\/wp-content\\\/uploads\\\/2026\\\/04\\\/Nanjing_Final_Logo_Bridge_only.png\",\"width\":591,\"height\":592,\"caption\":\"Nanjing Marketing Group\"},\"image\":{\"@id\":\"https:\\\/\\\/nanjingmarketinggroup.com\\\/#\\\/schema\\\/logo\\\/image\\\/\"}}]}<\/script>\n<!-- \/ Yoast SEO plugin. -->","yoast_head_json":{"title":"SEO en Baidu | Nanjing Marketing Group","description":"Check our informative articles about Baidu SEO, and you can learn about basic rules of Baidu SEO to optimize your website index and keyword rankings.","robots":{"index":"index","follow":"follow","max-snippet":"max-snippet:-1","max-image-preview":"max-image-preview:large","max-video-preview":"max-video-preview:-1"},"canonical":"https:\/\/nanjingmarketinggroup.com\/es\/seo-en-baidu","og_locale":"es_ES","og_type":"article","og_title":"SEO en Baidu | Nanjing Marketing Group","og_description":"Check our informative articles about Baidu SEO, and you can learn about basic rules of Baidu SEO to optimize your website index and keyword rankings.","og_url":"https:\/\/nanjingmarketinggroup.com\/es\/seo-en-baidu","og_site_name":"Nanjing Marketing Group","twitter_card":"summary_large_image","twitter_misc":{"Tiempo de lectura":"1 minuto"},"schema":{"@context":"https:\/\/schema.org","@graph":[{"@type":"WebPage","@id":"https:\/\/nanjingmarketinggroup.com\/es\/seo-en-baidu","url":"https:\/\/nanjingmarketinggroup.com\/es\/seo-en-baidu","name":"SEO en Baidu | Nanjing Marketing Group","isPartOf":{"@id":"https:\/\/nanjingmarketinggroup.com\/#website"},"datePublished":"2026-04-09T02:48:18+00:00","description":"Check our informative articles about Baidu SEO, and you can learn about basic rules of Baidu SEO to optimize your website index and keyword rankings.","breadcrumb":{"@id":"https:\/\/nanjingmarketinggroup.com\/es\/seo-en-baidu#breadcrumb"},"inLanguage":"es","potentialAction":[{"@type":"ReadAction","target":["https:\/\/nanjingmarketinggroup.com\/es\/seo-en-baidu"]}]},{"@type":"BreadcrumbList","@id":"https:\/\/nanjingmarketinggroup.com\/es\/seo-en-baidu#breadcrumb","itemListElement":[{"@type":"ListItem","position":1,"name":"Home","item":"https:\/\/nanjingmarketinggroup.com\/es"},{"@type":"ListItem","position":2,"name":"SEO en Baidu"}]},{"@type":"WebSite","@id":"https:\/\/nanjingmarketinggroup.com\/#website","url":"https:\/\/nanjingmarketinggroup.com\/","name":"Nanjing Marketing Group","description":"Chinese Marketing for B2B Companies and Higher Education Institutions","publisher":{"@id":"https:\/\/nanjingmarketinggroup.com\/#organization"},"potentialAction":[{"@type":"SearchAction","target":{"@type":"EntryPoint","urlTemplate":"https:\/\/nanjingmarketinggroup.com\/?s={search_term_string}"},"query-input":{"@type":"PropertyValueSpecification","valueRequired":true,"valueName":"search_term_string"}}],"inLanguage":"es"},{"@type":"Organization","@id":"https:\/\/nanjingmarketinggroup.com\/#organization","name":"Nanjing Marketing Group","url":"https:\/\/nanjingmarketinggroup.com\/","logo":{"@type":"ImageObject","inLanguage":"es","@id":"https:\/\/nanjingmarketinggroup.com\/#\/schema\/logo\/image\/","url":"https:\/\/nanjingmarketinggroup.com\/wp-content\/uploads\/2026\/04\/Nanjing_Final_Logo_Bridge_only.png","contentUrl":"https:\/\/nanjingmarketinggroup.com\/wp-content\/uploads\/2026\/04\/Nanjing_Final_Logo_Bridge_only.png","width":591,"height":592,"caption":"Nanjing Marketing Group"},"image":{"@id":"https:\/\/nanjingmarketinggroup.com\/#\/schema\/logo\/image\/"}}]}},"_links":{"self":[{"href":"https:\/\/nanjingmarketinggroup.com\/es\/wp-json\/wp\/v2\/pages\/41456","targetHints":{"allow":["GET"]}}],"collection":[{"href":"https:\/\/nanjingmarketinggroup.com\/es\/wp-json\/wp\/v2\/pages"}],"about":[{"href":"https:\/\/nanjingmarketinggroup.com\/es\/wp-json\/wp\/v2\/types\/page"}],"author":[{"embeddable":true,"href":"https:\/\/nanjingmarketinggroup.com\/es\/wp-json\/wp\/v2\/users\/29"}],"replies":[{"embeddable":true,"href":"https:\/\/nanjingmarketinggroup.com\/es\/wp-json\/wp\/v2\/comments?post=41456"}],"version-history":[{"count":1,"href":"https:\/\/nanjingmarketinggroup.com\/es\/wp-json\/wp\/v2\/pages\/41456\/revisions"}],"predecessor-version":[{"id":41457,"href":"https:\/\/nanjingmarketinggroup.com\/es\/wp-json\/wp\/v2\/pages\/41456\/revisions\/41457"}],"wp:attachment":[{"href":"https:\/\/nanjingmarketinggroup.com\/es\/wp-json\/wp\/v2\/media?parent=41456"}],"curies":[{"name":"wp","href":"https:\/\/api.w.org\/{rel}","templated":true}]}}