{"id":41663,"date":"2026-04-21T04:51:01","date_gmt":"2026-04-20T20:51:01","guid":{"rendered":"https:\/\/nanjingmarketinggroup.com\/?page_id=41663"},"modified":"2026-04-23T07:41:28","modified_gmt":"2026-04-22T23:41:28","slug":"galeria","status":"publish","type":"page","link":"https:\/\/nanjingmarketinggroup.com\/es\/galeria","title":{"rendered":"Galer\u00eda"},"content":{"rendered":"<section class=\"l-section wpb_row height_custom color_primary with_img\"><div class=\"l-section-img\" role=\"img\" data-img-width=\"1600\" data-img-height=\"628\" style=\"background-image: url(https:\/\/nanjingmarketinggroup.com\/wp-content\/uploads\/2022\/04\/Clients.jpg);\"><\/div><div class=\"l-section-overlay\" style=\"background:rgba(32,31,57,0.80)\"><\/div><div class=\"l-section-h i-cf\"><div class=\"g-cols vc_row via_flex valign_top type_default stacking_default\"><div class=\"vc_col-sm-12 wpb_column vc_column_container\"><div class=\"vc_column-inner\"><div class=\"wpb_wrapper\"><div class=\"wpb_text_column\"><div class=\"wpb_wrapper\"><h1 style=\"text-align: center;\">Galer\u00eda: una muestra de nuestro trabajo<\/h1>\n<\/div><\/div><div class=\"w-separator us_custom_bcc2b7fa size_large\"><\/div><\/div><\/div><\/div><\/div><\/div><\/section><section class=\"l-section wpb_row us_custom_0f7f0f64 height_custom color_alternate\" id=\"team\"><div class=\"l-section-h i-cf\"><div class=\"g-cols vc_row via_flex valign_middle type_default stacking_default\"><div class=\"vc_col-sm-6 wpb_column vc_column_container\"><div class=\"vc_column-inner\"><div class=\"wpb_wrapper\"><div class=\"wpb_text_column\"><div class=\"wpb_wrapper\"><h2><span class=\"ez-toc-section\" id=\"%C2%BFPor-que-creamos-esta-galeria\"><\/span><span style=\"font-weight: 400;\">\u00bfPor qu\u00e9 creamos esta galer\u00eda?<\/span><span class=\"ez-toc-section-end\"><\/span><\/h2>\n<p><span style=\"font-weight: 400;\">Detr\u00e1s de cada pieza de contenido efectiva hay un proceso de planificaci\u00f3n cuidadosa, experimentaci\u00f3n y optimizaci\u00f3n, basado en a\u00f1os de experiencia en marketing.<\/span><\/p>\n<p><span style=\"font-weight: 400;\">En un mercado competitivo, saturado de contenido similar (y cada vez m\u00e1s generado por IA), puede resultar dif\u00edcil distinguir entre contenido realmente eficaz y contenido promedio.<\/span><\/p>\n<p><span style=\"font-weight: 400;\">En esta galer\u00eda, presentamos ejemplos concretos de contenido que han generado buenos resultados para nuestros clientes, junto con un an\u00e1lisis de las decisiones clave que llevaron a su \u00e9xito.<\/span><\/p>\n<\/div><\/div><\/div><\/div><\/div><div class=\"vc_col-sm-6 wpb_column vc_column_container\"><div class=\"vc_column-inner\"><div class=\"wpb_wrapper\"><div class=\"w-image align_none\"><div class=\"w-image-h\"><img decoding=\"async\" width=\"623\" height=\"500\" src=\"https:\/\/nanjingmarketinggroup.com\/wp-content\/uploads\/2025\/11\/Illustration-ideas-623x500.png\" class=\"attachment-us_650_500 size-us_650_500\" alt=\"A woman creating Ideas Flow\" loading=\"lazy\" srcset=\"https:\/\/nanjingmarketinggroup.com\/wp-content\/uploads\/2025\/11\/Illustration-ideas-623x500.png 623w, https:\/\/nanjingmarketinggroup.com\/wp-content\/uploads\/2025\/11\/Illustration-ideas-300x241.png 300w, https:\/\/nanjingmarketinggroup.com\/wp-content\/uploads\/2025\/11\/Illustration-ideas-1024x822.png 1024w, https:\/\/nanjingmarketinggroup.com\/wp-content\/uploads\/2025\/11\/Illustration-ideas-400x321.png 400w, https:\/\/nanjingmarketinggroup.com\/wp-content\/uploads\/2025\/11\/Illustration-ideas-374x300.png 374w, https:\/\/nanjingmarketinggroup.com\/wp-content\/uploads\/2025\/11\/Illustration-ideas-679x545.png 679w, https:\/\/nanjingmarketinggroup.com\/wp-content\/uploads\/2025\/11\/Illustration-ideas-311x250.png 311w, https:\/\/nanjingmarketinggroup.com\/wp-content\/uploads\/2025\/11\/Illustration-ideas-500x402.png 500w, https:\/\/nanjingmarketinggroup.com\/wp-content\/uploads\/2025\/11\/Illustration-ideas.png 1300w\" sizes=\"auto, (max-width: 623px) 100vw, 623px\" \/><\/div><\/div><\/div><\/div><\/div><\/div><\/div><\/section><section class=\"l-section wpb_row height_custom\" id=\"clients\"><div class=\"l-section-h i-cf\"><div class=\"g-cols vc_row via_flex valign_middle type_default reversed stacking_default\"><div class=\"vc_col-sm-6 wpb_column vc_column_container\"><div class=\"vc_column-inner\"><div class=\"wpb_wrapper\"><div class=\"w-slider style_none fit_contain nav_dots count_1\"><div class=\"w-slider-h\"><div class=\"royalSlider\"><div class=\"rsContent\"><a class=\"rsImg\" data-rsw=\"904\" data-rsh=\"597\" href=\"https:\/\/nanjingmarketinggroup.com\/wp-content\/uploads\/2026\/03\/Illustration-museum.png\"><span data-alt=\"Abstract illustration of a man at a museum.\"><\/span><\/a><\/div><\/div><img decoding=\"async\" src=\"https:\/\/nanjingmarketinggroup.com\/wp-content\/uploads\/2026\/03\/Illustration-museum.png\" width=\"904\" height=\"597\" alt=\"Abstract illustration of a man at a museum.\" loading=\"lazy\"><\/div><div class=\"w-slider-json\" onclick='return {&quot;autoScaleSlider&quot;:true,&quot;addActiveClass&quot;:true,&quot;loop&quot;:true,&quot;fadeInLoadedSlide&quot;:false,&quot;slidesSpacing&quot;:0,&quot;imageScalePadding&quot;:0,&quot;numImagesToPreload&quot;:2,&quot;arrowsNav&quot;:false,&quot;arrowsNavAutoHide&quot;:false,&quot;transitionType&quot;:&quot;move&quot;,&quot;transitionSpeed&quot;:250,&quot;block&quot;:{&quot;moveEffect&quot;:&quot;none&quot;,&quot;speed&quot;:300},&quot;thumbs&quot;:{&quot;fitInViewport&quot;:false,&quot;firstMargin&quot;:false,&quot;spacing&quot;:4},&quot;controlNavigation&quot;:&quot;none&quot;,&quot;autoScaleSliderWidth&quot;:904,&quot;autoScaleSliderHeight&quot;:597}'><\/div><\/div><\/div><\/div><\/div><div class=\"vc_col-sm-6 wpb_column vc_column_container\"><div class=\"vc_column-inner\"><div class=\"wpb_wrapper\"><div class=\"wpb_text_column\"><div class=\"wpb_wrapper\"><h2><span class=\"ez-toc-section\" id=\"Recorrido-por-la-galeria\"><\/span>Recorrido por la galer\u00eda<span class=\"ez-toc-section-end\"><\/span><\/h2>\n<p><span style=\"font-weight: 400;\">Cada elemento de la galer\u00eda se analiza desde dos perspectivas clave:<\/span><\/p>\n<p><b>Qu\u00e9 hicimos:<\/b><\/p>\n<ul>\n<li style=\"font-weight: 400;\" aria-level=\"1\"><span style=\"font-weight: 400;\">Nuestras responsabilidades<\/span><\/li>\n<li style=\"font-weight: 400;\" aria-level=\"1\"><span style=\"font-weight: 400;\">Los ajustes y optimizaciones realizados<\/span><\/li>\n<li style=\"font-weight: 400;\" aria-level=\"1\"><span style=\"font-weight: 400;\">Los detalles que influyeron en los resultados<\/span><\/li>\n<\/ul>\n<p><b>Qu\u00e9 aprendimos:<\/b><\/p>\n<ul>\n<li style=\"font-weight: 400;\" aria-level=\"1\"><span style=\"font-weight: 400;\">Qu\u00e9 valoran realmente los usuarios chinos<\/span><\/li>\n<li style=\"font-weight: 400;\" aria-level=\"1\"><span style=\"font-weight: 400;\">C\u00f3mo las plataformas influyen en el comportamiento del usuario<\/span><\/li>\n<li style=\"font-weight: 400;\" aria-level=\"1\"><span style=\"font-weight: 400;\">C\u00f3mo las marcas internacionales pueden generar credibilidad y confianza en China<\/span><\/li>\n<\/ul>\n<\/div><\/div><\/div><\/div><\/div><\/div><\/div><\/section><section class=\"l-section wpb_row us_custom_0d15be52 height_custom color_alternate\" id=\"team\"><div class=\"l-section-h i-cf\"><div class=\"g-cols vc_row via_flex valign_middle type_default stacking_default\"><div class=\"vc_col-sm-12 wpb_column vc_column_container\"><div class=\"vc_column-inner\"><div class=\"wpb_wrapper\"><div class=\"g-cols wpb_row via_flex valign_top type_default stacking_default\"><div class=\"vc_col-sm-12 wpb_column vc_column_container\"><div class=\"vc_column-inner\"><div class=\"wpb_wrapper\"><div class=\"wpb_text_column\"><div class=\"wpb_wrapper\"><h2 style=\"text-align: center;\"><span class=\"ez-toc-section\" id=\"Categorias\"><\/span>Categor\u00edas<span class=\"ez-toc-section-end\"><\/span><\/h2>\n<\/div><\/div><\/div><\/div><\/div><\/div><div class=\"w-separator size_small\"><\/div><div class=\"g-cols wpb_row via_flex valign_top type_default stacking_default\"><div class=\"vc_col-sm-4 wpb_column vc_column_container\"><div class=\"vc_column-inner\"><div class=\"wpb_wrapper\"><div class=\"w-flipbox animation_cardflip direction_w\"><div class=\"w-flipbox-h easing_ease\" style=\"transition-duration:0.5s;\"><div class=\"w-flipbox-hh\"><div class=\"w-flipbox-front\"><div class=\"w-flipbox-front-h\"><div class=\"w-flipbox-front-icon type_image\" style=\"width:8rem;\"><img decoding=\"async\" width=\"300\" height=\"200\" src=\"https:\/\/nanjingmarketinggroup.com\/wp-content\/uploads\/2026\/01\/1-2.png\" class=\"attachment-medium size-medium\" alt=\"\" \/><\/div><h4 class=\"w-flipbox-front-title\"><span class=\"ez-toc-section\" id=\"Videos\"><\/span>Videos<span class=\"ez-toc-section-end\"><\/span><\/h4><\/div><\/div><div class=\"w-flipbox-back\" style=\"display:none;\"><div class=\"w-flipbox-back-h\"><a href=\"https:\/\/nanjingmarketinggroup.com\/es\/galeria\/galeria-videos-cortos\" class=\"w-btn us-btn-style_1\"><span class=\"w-btn-label\">Short Videos<\/span><\/a><\/div><\/div><\/div><\/div><\/div><div class=\"w-flipbox animation_cardflip direction_w\"><div class=\"w-flipbox-h easing_ease\" style=\"transition-duration:0.5s;\"><div class=\"w-flipbox-hh\"><div class=\"w-flipbox-front\"><div class=\"w-flipbox-front-h\"><div class=\"w-flipbox-front-icon type_image\" style=\"width:8rem;\"><img decoding=\"async\" width=\"300\" height=\"200\" src=\"https:\/\/nanjingmarketinggroup.com\/wp-content\/uploads\/2026\/04\/article-icon.png\" class=\"attachment-medium size-medium\" alt=\"\" \/><\/div><h4 class=\"w-flipbox-front-title\"><span class=\"ez-toc-section\" id=\"WeChat-Articles\"><\/span>WeChat Articles<span class=\"ez-toc-section-end\"><\/span><\/h4><\/div><\/div><div class=\"w-flipbox-back\" style=\"display:none;\"><div class=\"w-flipbox-back-h\"><a href=\"https:\/\/nanjingmarketinggroup.com\/gallery\/wechat-articles\" class=\"w-btn us-btn-style_1\"><span class=\"w-btn-label\">WeChat Articles<\/span><\/a><\/div><\/div><\/div><\/div><\/div><\/div><\/div><\/div><div class=\"vc_col-sm-4 wpb_column vc_column_container\"><div class=\"vc_column-inner\"><div class=\"wpb_wrapper\"><div class=\"w-flipbox animation_cardflip direction_w\"><div class=\"w-flipbox-h easing_ease\" style=\"transition-duration:0.5s;\"><div class=\"w-flipbox-hh\"><div class=\"w-flipbox-front\"><div class=\"w-flipbox-front-h\"><div class=\"w-flipbox-front-icon type_image\" style=\"width:8rem;\"><img decoding=\"async\" width=\"300\" height=\"200\" src=\"https:\/\/nanjingmarketinggroup.com\/wp-content\/uploads\/2026\/01\/2-1.png\" class=\"attachment-medium size-medium\" alt=\"\" \/><\/div><h4 class=\"w-flipbox-front-title\"><span class=\"ez-toc-section\" id=\"Anuncios-en-WeChat\"><\/span>Anuncios en WeChat<span class=\"ez-toc-section-end\"><\/span><\/h4><\/div><\/div><div class=\"w-flipbox-back\" style=\"display:none;\"><div class=\"w-flipbox-back-h\"><a href=\"https:\/\/nanjingmarketinggroup.com\/es\/galeria-anuncios-en-wechat\" class=\"w-btn us-btn-style_1\"><span class=\"w-btn-label\">WeChat Ads<\/span><\/a><\/div><\/div><\/div><\/div><\/div><\/div><\/div><\/div><div class=\"vc_col-sm-4 wpb_column vc_column_container\"><div class=\"vc_column-inner\"><div class=\"wpb_wrapper\"><div class=\"w-flipbox animation_cardflip direction_w\"><div class=\"w-flipbox-h easing_ease\" style=\"transition-duration:0.5s;\"><div class=\"w-flipbox-hh\"><div class=\"w-flipbox-front\"><div class=\"w-flipbox-front-h\"><div class=\"w-flipbox-front-icon type_image\" style=\"width:8rem;\"><img decoding=\"async\" width=\"300\" height=\"200\" src=\"https:\/\/nanjingmarketinggroup.com\/wp-content\/uploads\/2026\/01\/\u624b\u673a\u622a\u5c4f2__2026-01-3016_29_02.png\" class=\"attachment-medium size-medium\" alt=\"\" \/><\/div><h4 class=\"w-flipbox-front-title\"><span class=\"ez-toc-section\" id=\"Paginas-de-Destino\"><\/span>P\u00e1ginas de Destino<span class=\"ez-toc-section-end\"><\/span><\/h4><\/div><\/div><div class=\"w-flipbox-back\" style=\"display:none;\"><div class=\"w-flipbox-back-h\"><a href=\"https:\/\/nanjingmarketinggroup.com\/es\/galeria-paginas-de-destinos\" class=\"w-btn us-btn-style_1\"><span class=\"w-btn-label\">Landing Page<\/span><\/a><\/div><\/div><\/div><\/div><\/div><\/div><\/div><\/div><\/div><\/div><\/div><\/div><\/div><\/div><\/section><section class=\"l-section wpb_row us_custom_a19a7953 height_custom\"><div class=\"l-section-h i-cf\"><div class=\"g-cols vc_row via_flex valign_top type_default stacking_default\"><div class=\"vc_col-sm-12 wpb_column vc_column_container\"><div class=\"vc_column-inner\"><div class=\"wpb_wrapper\"><div class=\"wpb_text_column us_custom_6df4bc3a has_text_color\"><div class=\"wpb_wrapper\"><h2 class=\"block-title\" style=\"text-align: center;\"><span class=\"ez-toc-section\" id=\"Contactanos-para-una-consulta-gratuita\"><\/span><span style=\"font-weight: 400;\">Cont\u00e1ctanos para una consulta gratuita<\/span><span class=\"ez-toc-section-end\"><\/span><\/h2>\n<\/div><\/div><div class=\"w-separator size_small\"><\/div><div class=\"wpb_text_column us_custom_2245be70 has_text_color\"><div class=\"wpb_wrapper\"><p style=\"text-align: center;\"><span style=\"font-weight: 400;\">Identificaremos los posibles obst\u00e1culos que puedan estar limitando tu expansi\u00f3n en China y te recomendaremos el mejor plan de acci\u00f3n seg\u00fan tus necesidades.<\/span><\/p>\n<p style=\"text-align: center;\"><span style=\"font-weight: 400;\">Si consideras que somos el socio adecuado, recibir\u00e1s una propuesta en el plazo de una semana.<\/span><\/p>\n<\/div><\/div><div class=\"w-separator size_small\"><\/div><div class=\"w-btn-wrapper align_center\"><a class=\"w-btn us-btn-style_1\" href=\"https:\/\/nanjingmarketinggroup.com\/es\/contactanos\"><span class=\"w-btn-label\">Solicitar Consulta Gratuita<\/span><\/a><\/div><\/div><\/div><\/div><\/div><\/div><\/section>\n","protected":false},"excerpt":{"rendered":"Galer\u00eda: una muestra de nuestro trabajo \u00bfPor qu\u00e9 creamos esta galer\u00eda? Detr\u00e1s de cada pieza de contenido efectiva hay un proceso de planificaci\u00f3n cuidadosa, experimentaci\u00f3n y optimizaci\u00f3n, basado en a\u00f1os de experiencia en marketing. En un mercado competitivo, saturado de contenido similar (y cada vez m\u00e1s generado por IA), puede resultar dif\u00edcil distinguir entre contenido...","protected":false},"author":29,"featured_media":0,"parent":0,"menu_order":0,"comment_status":"closed","ping_status":"closed","template":"","meta":{"content-type":"","footnotes":"","_links_to":"","_links_to_target":""},"class_list":["post-41663","page","type-page","status-publish","hentry"],"yoast_head":"<!-- This site is optimized with the Yoast SEO plugin v27.4 - https:\/\/yoast.com\/product\/yoast-seo-wordpress\/ -->\n<title>Galer\u00eda | Nanjing Marketing Group<\/title>\n<meta name=\"description\" content=\"Servicios integrales de marketing en China para empresas B2B que buscan generar leads y construir confianza con clientes potenciales.\" \/>\n<meta name=\"robots\" content=\"index, follow, max-snippet:-1, max-image-preview:large, max-video-preview:-1\" \/>\n<link rel=\"canonical\" href=\"https:\/\/nanjingmarketinggroup.com\/es\/galeria\" \/>\n<meta property=\"og:locale\" content=\"es_ES\" \/>\n<meta property=\"og:type\" content=\"article\" \/>\n<meta property=\"og:title\" content=\"Galer\u00eda | Nanjing Marketing Group\" \/>\n<meta property=\"og:description\" content=\"Servicios integrales de marketing en China para empresas B2B que buscan generar leads y construir confianza con clientes potenciales.\" \/>\n<meta property=\"og:url\" content=\"https:\/\/nanjingmarketinggroup.com\/es\/galeria\" \/>\n<meta property=\"og:site_name\" content=\"Nanjing Marketing Group\" \/>\n<meta property=\"article:modified_time\" content=\"2026-04-22T23:41:28+00:00\" \/>\n<meta name=\"twitter:card\" content=\"summary_large_image\" \/>\n<meta name=\"twitter:label1\" content=\"Tiempo de lectura\" \/>\n\t<meta name=\"twitter:data1\" content=\"5 minutos\" \/>\n<script type=\"application\/ld+json\" class=\"yoast-schema-graph\">{\"@context\":\"https:\\\/\\\/schema.org\",\"@graph\":[{\"@type\":\"WebPage\",\"@id\":\"https:\\\/\\\/nanjingmarketinggroup.com\\\/es\\\/galeria\",\"url\":\"https:\\\/\\\/nanjingmarketinggroup.com\\\/es\\\/galeria\",\"name\":\"Galer\u00eda | Nanjing Marketing Group\",\"isPartOf\":{\"@id\":\"https:\\\/\\\/nanjingmarketinggroup.com\\\/#website\"},\"datePublished\":\"2026-04-20T20:51:01+00:00\",\"dateModified\":\"2026-04-22T23:41:28+00:00\",\"description\":\"Servicios integrales de marketing en China para empresas B2B que buscan generar leads y construir confianza con clientes potenciales.\",\"breadcrumb\":{\"@id\":\"https:\\\/\\\/nanjingmarketinggroup.com\\\/es\\\/galeria#breadcrumb\"},\"inLanguage\":\"es\",\"potentialAction\":[{\"@type\":\"ReadAction\",\"target\":[\"https:\\\/\\\/nanjingmarketinggroup.com\\\/es\\\/galeria\"]}]},{\"@type\":\"BreadcrumbList\",\"@id\":\"https:\\\/\\\/nanjingmarketinggroup.com\\\/es\\\/galeria#breadcrumb\",\"itemListElement\":[{\"@type\":\"ListItem\",\"position\":1,\"name\":\"Home\",\"item\":\"https:\\\/\\\/nanjingmarketinggroup.com\\\/es\"},{\"@type\":\"ListItem\",\"position\":2,\"name\":\"Galer\u00eda\"}]},{\"@type\":\"WebSite\",\"@id\":\"https:\\\/\\\/nanjingmarketinggroup.com\\\/#website\",\"url\":\"https:\\\/\\\/nanjingmarketinggroup.com\\\/\",\"name\":\"Nanjing Marketing Group\",\"description\":\"Chinese Marketing for B2B Companies and Higher Education Institutions\",\"publisher\":{\"@id\":\"https:\\\/\\\/nanjingmarketinggroup.com\\\/#organization\"},\"potentialAction\":[{\"@type\":\"SearchAction\",\"target\":{\"@type\":\"EntryPoint\",\"urlTemplate\":\"https:\\\/\\\/nanjingmarketinggroup.com\\\/?s={search_term_string}\"},\"query-input\":{\"@type\":\"PropertyValueSpecification\",\"valueRequired\":true,\"valueName\":\"search_term_string\"}}],\"inLanguage\":\"es\"},{\"@type\":\"Organization\",\"@id\":\"https:\\\/\\\/nanjingmarketinggroup.com\\\/#organization\",\"name\":\"Nanjing Marketing Group\",\"url\":\"https:\\\/\\\/nanjingmarketinggroup.com\\\/\",\"logo\":{\"@type\":\"ImageObject\",\"inLanguage\":\"es\",\"@id\":\"https:\\\/\\\/nanjingmarketinggroup.com\\\/#\\\/schema\\\/logo\\\/image\\\/\",\"url\":\"https:\\\/\\\/nanjingmarketinggroup.com\\\/wp-content\\\/uploads\\\/2026\\\/04\\\/Nanjing_Final_Logo_Bridge_only.png\",\"contentUrl\":\"https:\\\/\\\/nanjingmarketinggroup.com\\\/wp-content\\\/uploads\\\/2026\\\/04\\\/Nanjing_Final_Logo_Bridge_only.png\",\"width\":591,\"height\":592,\"caption\":\"Nanjing Marketing Group\"},\"image\":{\"@id\":\"https:\\\/\\\/nanjingmarketinggroup.com\\\/#\\\/schema\\\/logo\\\/image\\\/\"}}]}<\/script>\n<!-- \/ Yoast SEO plugin. -->","yoast_head_json":{"title":"Galer\u00eda | Nanjing Marketing Group","description":"Servicios integrales de marketing en China para empresas B2B que buscan generar leads y construir confianza con clientes potenciales.","robots":{"index":"index","follow":"follow","max-snippet":"max-snippet:-1","max-image-preview":"max-image-preview:large","max-video-preview":"max-video-preview:-1"},"canonical":"https:\/\/nanjingmarketinggroup.com\/es\/galeria","og_locale":"es_ES","og_type":"article","og_title":"Galer\u00eda | Nanjing Marketing Group","og_description":"Servicios integrales de marketing en China para empresas B2B que buscan generar leads y construir confianza con clientes potenciales.","og_url":"https:\/\/nanjingmarketinggroup.com\/es\/galeria","og_site_name":"Nanjing Marketing Group","article_modified_time":"2026-04-22T23:41:28+00:00","twitter_card":"summary_large_image","twitter_misc":{"Tiempo de lectura":"5 minutos"},"schema":{"@context":"https:\/\/schema.org","@graph":[{"@type":"WebPage","@id":"https:\/\/nanjingmarketinggroup.com\/es\/galeria","url":"https:\/\/nanjingmarketinggroup.com\/es\/galeria","name":"Galer\u00eda | Nanjing Marketing Group","isPartOf":{"@id":"https:\/\/nanjingmarketinggroup.com\/#website"},"datePublished":"2026-04-20T20:51:01+00:00","dateModified":"2026-04-22T23:41:28+00:00","description":"Servicios integrales de marketing en China para empresas B2B que buscan generar leads y construir confianza con clientes potenciales.","breadcrumb":{"@id":"https:\/\/nanjingmarketinggroup.com\/es\/galeria#breadcrumb"},"inLanguage":"es","potentialAction":[{"@type":"ReadAction","target":["https:\/\/nanjingmarketinggroup.com\/es\/galeria"]}]},{"@type":"BreadcrumbList","@id":"https:\/\/nanjingmarketinggroup.com\/es\/galeria#breadcrumb","itemListElement":[{"@type":"ListItem","position":1,"name":"Home","item":"https:\/\/nanjingmarketinggroup.com\/es"},{"@type":"ListItem","position":2,"name":"Galer\u00eda"}]},{"@type":"WebSite","@id":"https:\/\/nanjingmarketinggroup.com\/#website","url":"https:\/\/nanjingmarketinggroup.com\/","name":"Nanjing Marketing Group","description":"Chinese Marketing for B2B Companies and Higher Education Institutions","publisher":{"@id":"https:\/\/nanjingmarketinggroup.com\/#organization"},"potentialAction":[{"@type":"SearchAction","target":{"@type":"EntryPoint","urlTemplate":"https:\/\/nanjingmarketinggroup.com\/?s={search_term_string}"},"query-input":{"@type":"PropertyValueSpecification","valueRequired":true,"valueName":"search_term_string"}}],"inLanguage":"es"},{"@type":"Organization","@id":"https:\/\/nanjingmarketinggroup.com\/#organization","name":"Nanjing Marketing Group","url":"https:\/\/nanjingmarketinggroup.com\/","logo":{"@type":"ImageObject","inLanguage":"es","@id":"https:\/\/nanjingmarketinggroup.com\/#\/schema\/logo\/image\/","url":"https:\/\/nanjingmarketinggroup.com\/wp-content\/uploads\/2026\/04\/Nanjing_Final_Logo_Bridge_only.png","contentUrl":"https:\/\/nanjingmarketinggroup.com\/wp-content\/uploads\/2026\/04\/Nanjing_Final_Logo_Bridge_only.png","width":591,"height":592,"caption":"Nanjing Marketing Group"},"image":{"@id":"https:\/\/nanjingmarketinggroup.com\/#\/schema\/logo\/image\/"}}]}},"_links":{"self":[{"href":"https:\/\/nanjingmarketinggroup.com\/es\/wp-json\/wp\/v2\/pages\/41663","targetHints":{"allow":["GET"]}}],"collection":[{"href":"https:\/\/nanjingmarketinggroup.com\/es\/wp-json\/wp\/v2\/pages"}],"about":[{"href":"https:\/\/nanjingmarketinggroup.com\/es\/wp-json\/wp\/v2\/types\/page"}],"author":[{"embeddable":true,"href":"https:\/\/nanjingmarketinggroup.com\/es\/wp-json\/wp\/v2\/users\/29"}],"replies":[{"embeddable":true,"href":"https:\/\/nanjingmarketinggroup.com\/es\/wp-json\/wp\/v2\/comments?post=41663"}],"version-history":[{"count":3,"href":"https:\/\/nanjingmarketinggroup.com\/es\/wp-json\/wp\/v2\/pages\/41663\/revisions"}],"predecessor-version":[{"id":41747,"href":"https:\/\/nanjingmarketinggroup.com\/es\/wp-json\/wp\/v2\/pages\/41663\/revisions\/41747"}],"wp:attachment":[{"href":"https:\/\/nanjingmarketinggroup.com\/es\/wp-json\/wp\/v2\/media?parent=41663"}],"curies":[{"name":"wp","href":"https:\/\/api.w.org\/{rel}","templated":true}]}}