{"id":41743,"date":"2026-04-23T07:25:03","date_gmt":"2026-04-22T23:25:03","guid":{"rendered":"https:\/\/nanjingmarketinggroup.com\/?page_id=41743"},"modified":"2026-04-23T07:25:45","modified_gmt":"2026-04-22T23:25:45","slug":"galeria-anuncios-en-wechat","status":"publish","type":"page","link":"https:\/\/nanjingmarketinggroup.com\/es\/galeria-anuncios-en-wechat","title":{"rendered":"Galer\u00eda: Anuncios en WeChat"},"content":{"rendered":"<section class=\"l-section wpb_row height_custom color_primary with_img\"><div class=\"l-section-img\" role=\"img\" data-img-width=\"1600\" data-img-height=\"628\" style=\"background-image: url(https:\/\/nanjingmarketinggroup.com\/wp-content\/uploads\/2022\/04\/Clients.jpg);\"><\/div><div class=\"l-section-overlay\" style=\"background:rgba(32,31,57,0.80)\"><\/div><div class=\"l-section-h i-cf\"><div class=\"g-cols vc_row via_flex valign_top type_default stacking_default\"><div class=\"vc_col-sm-12 wpb_column vc_column_container\"><div class=\"vc_column-inner\"><div class=\"wpb_wrapper\"><div class=\"wpb_text_column\"><div class=\"wpb_wrapper\"><h1 style=\"text-align: center;\"><b>Galer\u00eda: Anuncios en WeChat<\/b><\/h1>\n<\/div><\/div><div class=\"w-separator size_small\"><\/div><\/div><\/div><\/div><\/div><\/div><\/section><section class=\"l-section wpb_row height_custom\" id=\"team\"><div class=\"l-section-overlay\" style=\"background:var(--color-header-middle-bg)\"><\/div><div class=\"l-section-h i-cf\"><div class=\"g-cols vc_row via_flex valign_middle type_default stacking_default\"><div class=\"vc_col-sm-8 wpb_column vc_column_container\"><div class=\"vc_column-inner\"><div class=\"wpb_wrapper\"><div class=\"w-slider style_none fit_scaledown nav_dots count_2\"><div class=\"w-slider-h\"><div class=\"royalSlider\"><div class=\"rsContent\"><a class=\"rsImg\" data-rsw=\"1024\" data-rsh=\"576\" href=\"https:\/\/nanjingmarketinggroup.com\/wp-content\/uploads\/2026\/03\/BCT-\u5fae\u4fe1\u5e7f\u544a-2-1024x576.jpg\"><span data-alt=\"Screenshot of WeChat ad for Bar Codes Talk.\"><\/span><\/a><\/div><div class=\"rsContent\"><a class=\"rsImg\" data-rsw=\"1024\" data-rsh=\"608\" href=\"https:\/\/nanjingmarketinggroup.com\/wp-content\/uploads\/2026\/03\/BarcodesTalk-WeChat-Ad-1-1024x608.png\"><span data-alt=\"The Barcodes Talk WeChat ad directed traffic to the Official Account homepage through WeChat Moments ads and article-end ad cards.\"><\/span><\/a><\/div><\/div><img decoding=\"async\" src=\"https:\/\/nanjingmarketinggroup.com\/wp-content\/uploads\/2026\/03\/BCT-\u5fae\u4fe1\u5e7f\u544a-2-1024x576.jpg\" width=\"1024\" height=\"576\" alt=\"Screenshot of WeChat ad for Bar Codes Talk.\" loading=\"lazy\"><\/div><div class=\"w-slider-json\" onclick='return {&quot;autoScaleSlider&quot;:true,&quot;addActiveClass&quot;:true,&quot;loop&quot;:true,&quot;fadeInLoadedSlide&quot;:false,&quot;slidesSpacing&quot;:0,&quot;imageScalePadding&quot;:0,&quot;numImagesToPreload&quot;:2,&quot;arrowsNav&quot;:true,&quot;arrowsNavAutoHide&quot;:true,&quot;transitionType&quot;:&quot;move&quot;,&quot;transitionSpeed&quot;:250,&quot;block&quot;:{&quot;moveEffect&quot;:&quot;none&quot;,&quot;speed&quot;:300},&quot;thumbs&quot;:{&quot;fitInViewport&quot;:false,&quot;firstMargin&quot;:false,&quot;spacing&quot;:4},&quot;controlNavigation&quot;:&quot;bullets&quot;,&quot;autoScaleSliderWidth&quot;:1024,&quot;autoScaleSliderHeight&quot;:576}'><\/div><\/div><\/div><\/div><\/div><div class=\"vc_col-sm-4 wpb_column vc_column_container\"><div class=\"vc_column-inner\"><div class=\"wpb_wrapper\"><div class=\"w-separator size_large\"><\/div><div class=\"wpb_text_column\"><div class=\"wpb_wrapper\"><p><span style=\"font-weight: 400;\">Este es un anuncio que creamos para <a href=\"https:\/\/www.barcodestalk.com\/\">Bar Codes Talk<\/a>, una empresa estadounidense que ayuda a negocios internacionales a adquirir c\u00f3digos de barras de forma m\u00e1s sencilla. El anuncio se public\u00f3 en WeChat, la aplicaci\u00f3n de mensajer\u00eda social m\u00e1s popular de China.<\/span><\/p>\n<p><span style=\"font-weight: 400;\">Desde su lanzamiento a principios de noviembre hasta finales de febrero de 2026, este anuncio en particular ayud\u00f3 a la Cuenta Oficial de la empresa a obtener 17.837 nuevos seguidores.<\/span><\/p>\n<p><span style=\"font-weight: 400;\">Este anuncio forma parte de una colaboraci\u00f3n continua que mantenemos con Bar Codes Talk desde 2012.<\/span><\/p>\n<\/div><\/div><\/div><\/div><\/div><\/div><\/div><\/section><section class=\"l-section wpb_row height_custom\" id=\"team\"><div class=\"l-section-overlay\" style=\"background:var(--color-chrome-toolbar)\"><\/div><div class=\"l-section-h i-cf\"><div class=\"g-cols vc_row via_flex valign_middle type_default stacking_default\"><div class=\"vc_col-sm-12 wpb_column vc_column_container\"><div class=\"vc_column-inner\"><div class=\"wpb_wrapper\"><div class=\"wpb_text_column\"><div class=\"wpb_wrapper\"><h2><span class=\"ez-toc-section\" id=\"%C2%BFQue-hicimos\"><\/span>\u00bfQu\u00e9 hicimos?<span class=\"ez-toc-section-end\"><\/span><\/h2>\n<h3><span class=\"ez-toc-section\" id=\"Planificacion-de-la-campana\"><\/span>Planificaci\u00f3n de la campa\u00f1a<span class=\"ez-toc-section-end\"><\/span><\/h3>\n<p><span style=\"font-weight: 400;\">Para Bar Codes Talk, gestionamos pr\u00e1cticamente de forma aut\u00f3noma todo el marketing y la atenci\u00f3n al cliente en China. Planificamos la campa\u00f1a en WeChat y los anuncios espec\u00edficos bas\u00e1ndonos en nuestro conocimiento del p\u00fablico objetivo y en campa\u00f1as exitosas previas en Baidu.<\/span><\/p>\n<h3><span class=\"ez-toc-section\" id=\"Redaccion\"><\/span>Redacci\u00f3n<span class=\"ez-toc-section-end\"><\/span><\/h3>\n<p><span style=\"font-weight: 400;\">Los textos fueron seleccionados en funci\u00f3n de nuestra experiencia con la campa\u00f1a y el rendimiento de anuncios en Baidu.<\/span><\/p>\n<h3><span class=\"ez-toc-section\" id=\"Diseno\"><\/span>Dise\u00f1o<span class=\"ez-toc-section-end\"><\/span><\/h3>\n<p><span style=\"font-weight: 400;\">Creamos la imagen en formato 1280&#215;720.<\/span><\/p>\n<h3><span class=\"ez-toc-section\" id=\"Pruebas-de-variantes\"><\/span>Pruebas de variantes<span class=\"ez-toc-section-end\"><\/span><\/h3>\n<p><span style=\"font-weight: 400;\">Tambi\u00e9n realizamos pruebas con tres versiones diferentes del anuncio, as\u00ed como con distintas ubicaciones dentro de la plataforma.<\/span><\/p>\n<\/div><\/div><\/div><\/div><\/div><\/div><\/div><\/section><section class=\"l-section wpb_row height_custom\" id=\"team\"><div class=\"l-section-overlay\" style=\"background:var(--color-header-transparent-text-hover)\"><\/div><div class=\"l-section-h i-cf\"><div class=\"g-cols vc_row via_flex valign_middle type_default stacking_default\"><div class=\"vc_col-sm-12 wpb_column vc_column_container\"><div class=\"vc_column-inner\"><div class=\"wpb_wrapper\"><div class=\"wpb_text_column\"><div class=\"wpb_wrapper\"><h2><span class=\"ez-toc-section\" id=\"%C2%BFQue-nos-ensena-este-caso-sobre-el-marketing-en-redes-sociales-chinas\"><\/span><strong>\u00bfQu\u00e9 nos ense\u00f1a este caso sobre el marketing en redes sociales chinas?<\/strong><span class=\"ez-toc-section-end\"><\/span><\/h2>\n<h3><span class=\"ez-toc-section\" id=\"Posicionarse-como-expertos-que-ofrecen-un-producto-de-valor\"><\/span><strong>Posicionarse como expertos que ofrecen un producto de valor<\/strong><span class=\"ez-toc-section-end\"><\/span><\/h3>\n<p><span style=\"font-weight: 400;\">El anuncio posiciona a Bar Codes Talk como \u201cprofesionales en c\u00f3digos de barras UPC\u201d, utilizando el mensaje principal de forma clara y destacada, al mismo tiempo que resalta los beneficios del producto.<\/span><\/p>\n<p><span style=\"font-weight: 400;\">Una raz\u00f3n clave por la que no nos enfocamos \u00fanicamente en el producto es que no buscamos una compra inmediata. Los compradores de c\u00f3digos de barras suelen ser recurrentes, pero a menudo enfrentan problemas con otros proveedores.<\/span><\/p>\n<p><span style=\"font-weight: 400;\">Este anuncio les ayuda a reconocer que Bar Codes Talk es un proveedor confiable y experto, capaz de resolver distintas necesidades. Esto incentiva a los usuarios a seguir la cuenta. Una vez que lo hacen, la marca se mantiene presente cuando vuelven a necesitar c\u00f3digos de barras.<\/span><\/p>\n<h3><span class=\"ez-toc-section\" id=\"Contar-con-contenido-valioso-en-la-cuenta-de-WeChat\"><\/span><strong>Contar con contenido valioso en la cuenta de WeChat<\/strong><span class=\"ez-toc-section-end\"><\/span><\/h3>\n<p><span style=\"font-weight: 400;\">Un anuncio no puede evaluarse de forma aislada; su efectividad depende tambi\u00e9n del contenido al que dirige. Es fundamental publicar contenido relevante que motive a los usuarios a seguir la cuenta o contactar con la empresa.<\/span><\/p>\n<p><span style=\"font-weight: 400;\">Al analizar algunos de los t\u00edtulos m\u00e1s populares, vemos que Bar Codes Talk no se limita a hablar de su producto, sino que tambi\u00e9n comparte noticias y contenido \u00fatil para su audiencia:<\/span><\/p>\n<ul>\n<li style=\"font-weight: 400;\" aria-level=\"1\"><span style=\"font-weight: 400;\">Amazon restringe el \u201csuministro temporal\u201d: los SKU deben vincularse a fuentes de c\u00f3digos de barras trazables a largo plazo<\/span><\/li>\n<li style=\"font-weight: 400;\" aria-level=\"1\"><span style=\"font-weight: 400;\">Actualizaci\u00f3n de cumplimiento de c\u00f3digos de barras 2026: tres tipos de alto riesgo que debes evitar<\/span><\/li>\n<li style=\"font-weight: 400;\" aria-level=\"1\"><span style=\"font-weight: 400;\">Gu\u00eda para consultar ASIN en Amazon: consejos clave para vendedores (2026)<\/span><\/li>\n<li style=\"font-weight: 400;\" aria-level=\"1\"><span style=\"font-weight: 400;\">Disminuye la tolerancia de la plataforma: los 3 tipos de c\u00f3digos de barras con mayor riesgo en 2026<\/span><\/li>\n<li style=\"font-weight: 400;\" aria-level=\"1\"><span style=\"font-weight: 400;\">\u00bfQu\u00e9 es un c\u00f3digo UPC? Gu\u00eda sencilla del \u201cUniversal Product Code\u201d<\/span><\/li>\n<\/ul>\n<p><span style=\"font-weight: 400;\">Adem\u00e1s, considerando que no todos los usuarios prefieren leer en el m\u00f3vil, la incorporaci\u00f3n de videos junto con contenido escrito fue una decisi\u00f3n acertada.<\/span><\/p>\n<h3><span class=\"ez-toc-section\" id=\"Adaptar-los-anuncios-hasta-lograr-aprobacion\"><\/span><strong>Adaptar los anuncios hasta lograr aprobaci\u00f3n<\/strong><span class=\"ez-toc-section-end\"><\/span><\/h3>\n<p><span style=\"font-weight: 400;\">Una de las primeras versiones del anuncio fue rechazada por incluir el t\u00e9rmino \u201c\u4e9a\u9a6c\u900a\u201d (Amazon en chino).<\/span><\/p>\n<p><span style=\"font-weight: 400;\">En lugar de descartarlo, desarrollamos nuevas variantes hasta encontrar una versi\u00f3n aprobada: \u201c\u4e9a\u9a6c\u900a\u9a8c\u8bc1\u201d (\u201cverificado por Amazon\u201d).<\/span><\/p>\n<\/div><\/div><div class=\"w-separator size_medium\"><\/div><\/div><\/div><\/div><\/div><\/div><\/section><section class=\"l-section wpb_row height_custom\" id=\"clients\"><div class=\"l-section-overlay\" style=\"background:var(--color-chrome-toolbar)\"><\/div><div class=\"l-section-h i-cf\"><div class=\"g-cols vc_row via_flex valign_middle type_default reversed stacking_default\"><div class=\"vc_col-sm-12 wpb_column vc_column_container\"><div class=\"vc_column-inner\"><div class=\"wpb_wrapper\"><div class=\"g-cols wpb_row via_flex valign_top type_default stacking_default\"><div class=\"vc_col-sm-4 wpb_column vc_column_container\"><div class=\"vc_column-inner\"><div class=\"wpb_wrapper\"><div class=\"w-flipbox animation_cardflip direction_w\"><div class=\"w-flipbox-h easing_ease\" style=\"transition-duration:0.5s;\"><div class=\"w-flipbox-hh\"><div class=\"w-flipbox-front\"><div class=\"w-flipbox-front-h\"><div class=\"w-flipbox-front-icon type_image\" style=\"width:8rem;\"><img decoding=\"async\" width=\"300\" height=\"200\" src=\"https:\/\/nanjingmarketinggroup.com\/wp-content\/uploads\/2026\/01\/1-2.png\" class=\"attachment-medium size-medium\" alt=\"\" \/><\/div><h4 class=\"w-flipbox-front-title\"><span class=\"ez-toc-section\" id=\"Videos\"><\/span>Videos<span class=\"ez-toc-section-end\"><\/span><\/h4><\/div><\/div><div class=\"w-flipbox-back\" style=\"display:none;\"><div class=\"w-flipbox-back-h\"><a href=\"https:\/\/nanjingmarketinggroup.com\/gallery\/short-videos\" class=\"w-btn us-btn-style_1\"><span class=\"w-btn-label\">Short Videos<\/span><\/a><\/div><\/div><\/div><\/div><\/div><div class=\"w-flipbox animation_cardflip direction_w\"><div class=\"w-flipbox-h easing_ease\" style=\"transition-duration:0.5s;\"><div class=\"w-flipbox-hh\"><div class=\"w-flipbox-front\"><div class=\"w-flipbox-front-h\"><div class=\"w-flipbox-front-icon type_image\" style=\"width:8rem;\"><img decoding=\"async\" width=\"300\" height=\"200\" src=\"https:\/\/nanjingmarketinggroup.com\/wp-content\/uploads\/2026\/04\/article-icon.png\" class=\"attachment-medium size-medium\" alt=\"\" \/><\/div><h4 class=\"w-flipbox-front-title\"><span class=\"ez-toc-section\" id=\"WeChat-Articles\"><\/span>WeChat Articles<span class=\"ez-toc-section-end\"><\/span><\/h4><\/div><\/div><div class=\"w-flipbox-back\" style=\"display:none;\"><div class=\"w-flipbox-back-h\"><a href=\"https:\/\/nanjingmarketinggroup.com\/gallery\/wechat-articles\" class=\"w-btn us-btn-style_1\"><span class=\"w-btn-label\">WeChat Articles<\/span><\/a><\/div><\/div><\/div><\/div><\/div><\/div><\/div><\/div><div class=\"vc_col-sm-4 wpb_column vc_column_container\"><div class=\"vc_column-inner\"><div class=\"wpb_wrapper\"><div class=\"w-flipbox animation_cardflip direction_w\"><div class=\"w-flipbox-h easing_ease\" style=\"transition-duration:0.5s;\"><div class=\"w-flipbox-hh\"><div class=\"w-flipbox-front\"><div class=\"w-flipbox-front-h\"><div class=\"w-flipbox-front-icon type_image\" style=\"width:8rem;\"><img decoding=\"async\" width=\"300\" height=\"200\" src=\"https:\/\/nanjingmarketinggroup.com\/wp-content\/uploads\/2026\/04\/SEOGEO.png\" class=\"attachment-medium size-medium\" alt=\"\" \/><\/div><h4 class=\"w-flipbox-front-title\"><span class=\"ez-toc-section\" id=\"GEO-SEO\"><\/span>GEO &amp; SEO<span class=\"ez-toc-section-end\"><\/span><\/h4><\/div><\/div><div class=\"w-flipbox-back\" style=\"display:none;\"><div class=\"w-flipbox-back-h\"><a href=\"https:\/\/nanjingmarketinggroup.com\/gallery\/geo-seo\" class=\"w-btn us-btn-style_1\"><span class=\"w-btn-label\">GEO&amp; SEO<\/span><\/a><\/div><\/div><\/div><\/div><\/div><\/div><\/div><\/div><div class=\"vc_col-sm-4 wpb_column vc_column_container\"><div class=\"vc_column-inner\"><div class=\"wpb_wrapper\"><div class=\"w-flipbox animation_cardflip direction_w\"><div class=\"w-flipbox-h easing_ease\" style=\"transition-duration:0.5s;\"><div class=\"w-flipbox-hh\"><div class=\"w-flipbox-front\"><div class=\"w-flipbox-front-h\"><div class=\"w-flipbox-front-icon type_image\" style=\"width:8rem;\"><img decoding=\"async\" width=\"300\" height=\"200\" src=\"https:\/\/nanjingmarketinggroup.com\/wp-content\/uploads\/2026\/01\/\u624b\u673a\u622a\u5c4f2__2026-01-3016_29_02.png\" class=\"attachment-medium size-medium\" alt=\"\" \/><\/div><h4 class=\"w-flipbox-front-title\"><span class=\"ez-toc-section\" id=\"Landing-Pages\"><\/span>Landing Pages<span class=\"ez-toc-section-end\"><\/span><\/h4><\/div><\/div><div class=\"w-flipbox-back\" style=\"display:none;\"><div class=\"w-flipbox-back-h\"><a href=\"https:\/\/nanjingmarketinggroup.com\/gallery\/landingpages\" class=\"w-btn us-btn-style_1\"><span class=\"w-btn-label\">Landing Page<\/span><\/a><\/div><\/div><\/div><\/div><\/div><\/div><\/div><\/div><\/div><\/div><\/div><\/div><\/div><\/div><\/section><section class=\"l-section wpb_row us_custom_a19a7953 height_custom\"><div class=\"l-section-h i-cf\"><div class=\"g-cols vc_row via_flex valign_top type_default stacking_default\"><div class=\"vc_col-sm-12 wpb_column vc_column_container\"><div class=\"vc_column-inner\"><div class=\"wpb_wrapper\"><div class=\"wpb_text_column us_custom_6df4bc3a has_text_color\"><div class=\"wpb_wrapper\"><h2 class=\"block-title\" style=\"text-align: center;\"><span class=\"ez-toc-section\" id=\"Contactanos-para-una-consulta-gratuita\"><\/span><span style=\"font-weight: 400;\">Cont\u00e1ctanos para una consulta gratuita<\/span><span class=\"ez-toc-section-end\"><\/span><\/h2>\n<\/div><\/div><div class=\"w-separator size_small\"><\/div><div class=\"wpb_text_column us_custom_2245be70 has_text_color\"><div class=\"wpb_wrapper\"><p style=\"text-align: center;\"><span style=\"font-weight: 400;\">Identificaremos los posibles obst\u00e1culos que puedan estar limitando tu expansi\u00f3n en China y te recomendaremos el mejor plan de acci\u00f3n seg\u00fan tus necesidades.<\/span><\/p>\n<p style=\"text-align: center;\"><span style=\"font-weight: 400;\">Si consideras que somos el socio adecuado, recibir\u00e1s una propuesta en el plazo de una semana.<\/span><\/p>\n<\/div><\/div><div class=\"w-separator size_small\"><\/div><div class=\"w-btn-wrapper align_center\"><a class=\"w-btn us-btn-style_1\" href=\"https:\/\/nanjingmarketinggroup.com\/es\/contactanos\"><span class=\"w-btn-label\">Solicitar Consulta Gratuita<\/span><\/a><\/div><\/div><\/div><\/div><\/div><\/div><\/section>\n","protected":false},"excerpt":{"rendered":"Galer\u00eda: Anuncios en WeChat Este es un anuncio que creamos para Bar Codes Talk, una empresa estadounidense que ayuda a negocios internacionales a adquirir c\u00f3digos de barras de forma m\u00e1s sencilla. El anuncio se public\u00f3 en WeChat, la aplicaci\u00f3n de mensajer\u00eda social m\u00e1s popular de China. Desde su lanzamiento a principios de noviembre hasta finales...","protected":false},"author":29,"featured_media":0,"parent":0,"menu_order":0,"comment_status":"closed","ping_status":"closed","template":"","meta":{"content-type":"","footnotes":"","_links_to":"","_links_to_target":""},"class_list":["post-41743","page","type-page","status-publish","hentry"],"yoast_head":"<!-- This site is optimized with the Yoast SEO plugin v27.4 - https:\/\/yoast.com\/product\/yoast-seo-wordpress\/ -->\n<title>Galer\u00eda: Anuncios en WeChat | Nanjing Marketing Group<\/title>\n<meta name=\"description\" content=\"Producci\u00f3n de video para Bilibili, Douyin, Rednote y WeChat: guion, edici\u00f3n, publicaci\u00f3n y subt\u00edtulos para empresas occidentales.\" \/>\n<meta name=\"robots\" content=\"index, follow, max-snippet:-1, max-image-preview:large, max-video-preview:-1\" \/>\n<link rel=\"canonical\" href=\"https:\/\/nanjingmarketinggroup.com\/es\/galeria-anuncios-en-wechat\" \/>\n<meta property=\"og:locale\" content=\"es_ES\" \/>\n<meta property=\"og:type\" content=\"article\" \/>\n<meta property=\"og:title\" content=\"Galer\u00eda: Anuncios en WeChat | Nanjing Marketing Group\" \/>\n<meta property=\"og:description\" content=\"Producci\u00f3n de video para Bilibili, Douyin, Rednote y WeChat: guion, edici\u00f3n, publicaci\u00f3n y subt\u00edtulos para empresas occidentales.\" \/>\n<meta property=\"og:url\" content=\"https:\/\/nanjingmarketinggroup.com\/es\/galeria-anuncios-en-wechat\" \/>\n<meta property=\"og:site_name\" content=\"Nanjing Marketing Group\" \/>\n<meta property=\"article:modified_time\" content=\"2026-04-22T23:25:45+00:00\" \/>\n<meta name=\"twitter:card\" content=\"summary_large_image\" \/>\n<meta name=\"twitter:label1\" content=\"Tiempo de lectura\" \/>\n\t<meta name=\"twitter:data1\" content=\"6 minutos\" \/>\n<script type=\"application\/ld+json\" class=\"yoast-schema-graph\">{\"@context\":\"https:\\\/\\\/schema.org\",\"@graph\":[{\"@type\":\"WebPage\",\"@id\":\"https:\\\/\\\/nanjingmarketinggroup.com\\\/es\\\/galeria-anuncios-en-wechat\",\"url\":\"https:\\\/\\\/nanjingmarketinggroup.com\\\/es\\\/galeria-anuncios-en-wechat\",\"name\":\"Galer\u00eda: Anuncios en WeChat | Nanjing Marketing Group\",\"isPartOf\":{\"@id\":\"https:\\\/\\\/nanjingmarketinggroup.com\\\/#website\"},\"datePublished\":\"2026-04-22T23:25:03+00:00\",\"dateModified\":\"2026-04-22T23:25:45+00:00\",\"description\":\"Producci\u00f3n de video para Bilibili, Douyin, Rednote y WeChat: guion, edici\u00f3n, publicaci\u00f3n y subt\u00edtulos para empresas occidentales.\",\"breadcrumb\":{\"@id\":\"https:\\\/\\\/nanjingmarketinggroup.com\\\/es\\\/galeria-anuncios-en-wechat#breadcrumb\"},\"inLanguage\":\"es\",\"potentialAction\":[{\"@type\":\"ReadAction\",\"target\":[\"https:\\\/\\\/nanjingmarketinggroup.com\\\/es\\\/galeria-anuncios-en-wechat\"]}]},{\"@type\":\"BreadcrumbList\",\"@id\":\"https:\\\/\\\/nanjingmarketinggroup.com\\\/es\\\/galeria-anuncios-en-wechat#breadcrumb\",\"itemListElement\":[{\"@type\":\"ListItem\",\"position\":1,\"name\":\"Home\",\"item\":\"https:\\\/\\\/nanjingmarketinggroup.com\\\/es\"},{\"@type\":\"ListItem\",\"position\":2,\"name\":\"Galer\u00eda: Anuncios en WeChat\"}]},{\"@type\":\"WebSite\",\"@id\":\"https:\\\/\\\/nanjingmarketinggroup.com\\\/#website\",\"url\":\"https:\\\/\\\/nanjingmarketinggroup.com\\\/\",\"name\":\"Nanjing Marketing Group\",\"description\":\"Chinese Marketing for B2B Companies and Higher Education Institutions\",\"publisher\":{\"@id\":\"https:\\\/\\\/nanjingmarketinggroup.com\\\/#organization\"},\"potentialAction\":[{\"@type\":\"SearchAction\",\"target\":{\"@type\":\"EntryPoint\",\"urlTemplate\":\"https:\\\/\\\/nanjingmarketinggroup.com\\\/?s={search_term_string}\"},\"query-input\":{\"@type\":\"PropertyValueSpecification\",\"valueRequired\":true,\"valueName\":\"search_term_string\"}}],\"inLanguage\":\"es\"},{\"@type\":\"Organization\",\"@id\":\"https:\\\/\\\/nanjingmarketinggroup.com\\\/#organization\",\"name\":\"Nanjing Marketing Group\",\"url\":\"https:\\\/\\\/nanjingmarketinggroup.com\\\/\",\"logo\":{\"@type\":\"ImageObject\",\"inLanguage\":\"es\",\"@id\":\"https:\\\/\\\/nanjingmarketinggroup.com\\\/#\\\/schema\\\/logo\\\/image\\\/\",\"url\":\"https:\\\/\\\/nanjingmarketinggroup.com\\\/wp-content\\\/uploads\\\/2026\\\/04\\\/Nanjing_Final_Logo_Bridge_only.png\",\"contentUrl\":\"https:\\\/\\\/nanjingmarketinggroup.com\\\/wp-content\\\/uploads\\\/2026\\\/04\\\/Nanjing_Final_Logo_Bridge_only.png\",\"width\":591,\"height\":592,\"caption\":\"Nanjing Marketing Group\"},\"image\":{\"@id\":\"https:\\\/\\\/nanjingmarketinggroup.com\\\/#\\\/schema\\\/logo\\\/image\\\/\"}}]}<\/script>\n<!-- \/ Yoast SEO plugin. -->","yoast_head_json":{"title":"Galer\u00eda: Anuncios en WeChat | Nanjing Marketing Group","description":"Producci\u00f3n de video para Bilibili, Douyin, Rednote y WeChat: guion, edici\u00f3n, publicaci\u00f3n y subt\u00edtulos para empresas occidentales.","robots":{"index":"index","follow":"follow","max-snippet":"max-snippet:-1","max-image-preview":"max-image-preview:large","max-video-preview":"max-video-preview:-1"},"canonical":"https:\/\/nanjingmarketinggroup.com\/es\/galeria-anuncios-en-wechat","og_locale":"es_ES","og_type":"article","og_title":"Galer\u00eda: Anuncios en WeChat | Nanjing Marketing Group","og_description":"Producci\u00f3n de video para Bilibili, Douyin, Rednote y WeChat: guion, edici\u00f3n, publicaci\u00f3n y subt\u00edtulos para empresas occidentales.","og_url":"https:\/\/nanjingmarketinggroup.com\/es\/galeria-anuncios-en-wechat","og_site_name":"Nanjing Marketing Group","article_modified_time":"2026-04-22T23:25:45+00:00","twitter_card":"summary_large_image","twitter_misc":{"Tiempo de lectura":"6 minutos"},"schema":{"@context":"https:\/\/schema.org","@graph":[{"@type":"WebPage","@id":"https:\/\/nanjingmarketinggroup.com\/es\/galeria-anuncios-en-wechat","url":"https:\/\/nanjingmarketinggroup.com\/es\/galeria-anuncios-en-wechat","name":"Galer\u00eda: Anuncios en WeChat | Nanjing Marketing Group","isPartOf":{"@id":"https:\/\/nanjingmarketinggroup.com\/#website"},"datePublished":"2026-04-22T23:25:03+00:00","dateModified":"2026-04-22T23:25:45+00:00","description":"Producci\u00f3n de video para Bilibili, Douyin, Rednote y WeChat: guion, edici\u00f3n, publicaci\u00f3n y subt\u00edtulos para empresas occidentales.","breadcrumb":{"@id":"https:\/\/nanjingmarketinggroup.com\/es\/galeria-anuncios-en-wechat#breadcrumb"},"inLanguage":"es","potentialAction":[{"@type":"ReadAction","target":["https:\/\/nanjingmarketinggroup.com\/es\/galeria-anuncios-en-wechat"]}]},{"@type":"BreadcrumbList","@id":"https:\/\/nanjingmarketinggroup.com\/es\/galeria-anuncios-en-wechat#breadcrumb","itemListElement":[{"@type":"ListItem","position":1,"name":"Home","item":"https:\/\/nanjingmarketinggroup.com\/es"},{"@type":"ListItem","position":2,"name":"Galer\u00eda: Anuncios en WeChat"}]},{"@type":"WebSite","@id":"https:\/\/nanjingmarketinggroup.com\/#website","url":"https:\/\/nanjingmarketinggroup.com\/","name":"Nanjing Marketing Group","description":"Chinese Marketing for B2B Companies and Higher Education Institutions","publisher":{"@id":"https:\/\/nanjingmarketinggroup.com\/#organization"},"potentialAction":[{"@type":"SearchAction","target":{"@type":"EntryPoint","urlTemplate":"https:\/\/nanjingmarketinggroup.com\/?s={search_term_string}"},"query-input":{"@type":"PropertyValueSpecification","valueRequired":true,"valueName":"search_term_string"}}],"inLanguage":"es"},{"@type":"Organization","@id":"https:\/\/nanjingmarketinggroup.com\/#organization","name":"Nanjing Marketing Group","url":"https:\/\/nanjingmarketinggroup.com\/","logo":{"@type":"ImageObject","inLanguage":"es","@id":"https:\/\/nanjingmarketinggroup.com\/#\/schema\/logo\/image\/","url":"https:\/\/nanjingmarketinggroup.com\/wp-content\/uploads\/2026\/04\/Nanjing_Final_Logo_Bridge_only.png","contentUrl":"https:\/\/nanjingmarketinggroup.com\/wp-content\/uploads\/2026\/04\/Nanjing_Final_Logo_Bridge_only.png","width":591,"height":592,"caption":"Nanjing Marketing Group"},"image":{"@id":"https:\/\/nanjingmarketinggroup.com\/#\/schema\/logo\/image\/"}}]}},"_links":{"self":[{"href":"https:\/\/nanjingmarketinggroup.com\/es\/wp-json\/wp\/v2\/pages\/41743","targetHints":{"allow":["GET"]}}],"collection":[{"href":"https:\/\/nanjingmarketinggroup.com\/es\/wp-json\/wp\/v2\/pages"}],"about":[{"href":"https:\/\/nanjingmarketinggroup.com\/es\/wp-json\/wp\/v2\/types\/page"}],"author":[{"embeddable":true,"href":"https:\/\/nanjingmarketinggroup.com\/es\/wp-json\/wp\/v2\/users\/29"}],"replies":[{"embeddable":true,"href":"https:\/\/nanjingmarketinggroup.com\/es\/wp-json\/wp\/v2\/comments?post=41743"}],"version-history":[{"count":2,"href":"https:\/\/nanjingmarketinggroup.com\/es\/wp-json\/wp\/v2\/pages\/41743\/revisions"}],"predecessor-version":[{"id":41745,"href":"https:\/\/nanjingmarketinggroup.com\/es\/wp-json\/wp\/v2\/pages\/41743\/revisions\/41745"}],"wp:attachment":[{"href":"https:\/\/nanjingmarketinggroup.com\/es\/wp-json\/wp\/v2\/media?parent=41743"}],"curies":[{"name":"wp","href":"https:\/\/api.w.org\/{rel}","templated":true}]}}